{"id":891,"date":"2020-10-21T15:47:03","date_gmt":"2020-10-21T15:47:03","guid":{"rendered":"https:\/\/jurisflow.com\/?page_id=891"},"modified":"2020-10-21T15:58:30","modified_gmt":"2020-10-21T15:58:30","slug":"aviso-legal","status":"publish","type":"page","link":"https:\/\/jurisflow.com\/es\/aviso-legal\/","title":{"rendered":"Aviso Legal"},"content":{"rendered":"\t\t<div data-elementor-type=\"wp-page\" data-elementor-id=\"891\" class=\"elementor elementor-891 elementor-885\" data-elementor-post-type=\"page\">\n\t\t\t\t\t\t<section class=\"elementor-section elementor-top-section elementor-element elementor-element-08db115 elementor-section-boxed elementor-section-height-default elementor-section-height-default\" data-id=\"08db115\" data-element_type=\"section\">\n\t\t\t\t\t\t<div class=\"elementor-container elementor-column-gap-default\">\n\t\t\t\t\t<div class=\"elementor-column elementor-col-100 elementor-top-column elementor-element elementor-element-08a1ac5\" data-id=\"08a1ac5\" data-element_type=\"column\">\n\t\t\t<div class=\"elementor-widget-wrap elementor-element-populated\">\n\t\t\t\t\t\t<div class=\"elementor-element elementor-element-d14389a line-left-bw elementor-widget elementor-widget-heading\" data-id=\"d14389a\" data-element_type=\"widget\" data-widget_type=\"heading.default\">\n\t\t\t\t<div class=\"elementor-widget-container\">\n\t\t\t<h2 class=\"elementor-heading-title elementor-size-default\">Aviso Legal<\/h2>\t\t<\/div>\n\t\t\t\t<\/div>\n\t\t\t\t\t<\/div>\n\t\t<\/div>\n\t\t\t\t\t<\/div>\n\t\t<\/section>\n\t\t\t\t<section class=\"elementor-section elementor-top-section elementor-element elementor-element-68d8dfe elementor-section-boxed elementor-section-height-default elementor-section-height-default\" data-id=\"68d8dfe\" data-element_type=\"section\">\n\t\t\t\t\t\t<div class=\"elementor-container elementor-column-gap-default\">\n\t\t\t\t\t<div class=\"elementor-column elementor-col-100 elementor-top-column elementor-element elementor-element-805bad4\" data-id=\"805bad4\" data-element_type=\"column\">\n\t\t\t<div class=\"elementor-widget-wrap elementor-element-populated\">\n\t\t\t\t\t\t<div class=\"elementor-element elementor-element-3ade7ba elementor-widget elementor-widget-text-editor\" data-id=\"3ade7ba\" data-element_type=\"widget\" data-widget_type=\"text-editor.default\">\n\t\t\t\t<div class=\"elementor-widget-container\">\n\t\t\t\t\t\t\t<p>Este sitio web es propiedad de PONTUAL.<\/p><p>PONTUAL puede modificar, agregar o eliminar en cualquier momento cualquiera de los t\u00e9rminos de uso de este sitio web. Por lo tanto, se recomienda al visitante que consulte esta informaci\u00f3n con regularidad.<\/p><p>Al acceder a este sitio web, el visitante declara haber le\u00eddo, comprendido y aceptado el aviso legal que se describe a continuaci\u00f3n, sin necesidad de ning\u00fan acto o consentimiento posterior.<\/p><p>PONTUAL no otorga al visitante una licencia o derechos de propiedad sobre los materiales y la informaci\u00f3n, por lo que no tiene derecho a reproducirlos para ning\u00fan otro prop\u00f3sito que no sea el uso personal.<\/p><p>Ni este sitio web ni partes del mismo pueden ser copiados, distribuidos, modificados o colocados en otros sitios sin la autorizaci\u00f3n previa por escrito de PONTUAL.<\/p><p>PONTUAL puede proporcionar enlaces a p\u00e1ginas de terceros en su sitio web. Estos sitios no son propiedad ni est\u00e1n operados ni controlados por PONTUAL y, por esta raz\u00f3n, PONTUAL no es responsable de su contenido. El uso de estos enlaces es responsabilidad exclusiva del visitante.<\/p><p>PONTUAL proporciona la informaci\u00f3n de este sitio web tal cual y, en la medida m\u00e1xima permitida por la ley aplicable, se proporciona sin garant\u00eda de ning\u00fan tipo, expresa o impl\u00edcita. Aunque se cree que la informaci\u00f3n es correcta, puede incluir errores o inexactitudes y puede modificarse sin previo aviso.<\/p><p>PONTUAL no representa ni garantiza que las funciones o aplicaciones contenidas en este sitio web sean continuas o no tengan errores. PONTUAL no garantiza que el servidor y \/ o el sitio web no contengan virus u otros componentes da\u00f1inos. PONTUAL no garantiza que los materiales de este sitio web sean adecuados para su uso en otros lugares. El acceso a contenidos de un territorio donde el contenido es ilegal est\u00e1 prohibido.<\/p><p>PONTUAL puede interrumpir el sitio web en cualquier momento sin previo aviso.<\/p><p>PONTUAL se exime de cualquier responsabilidad por los errores que pudieran ocurrir debido a errores del sistema o fallas (temporales o permanentes) del sitio web, aplicaciones u otras herramientas. En la medida de lo posible seg\u00fan la ley aplicable, PONTUAL no ser\u00e1 responsable de los da\u00f1os que resulten del uso o la imposibilidad de utilizar el sitio web.<\/p><p>Ley aplicable<\/p><p>Estos t\u00e9rminos de uso est\u00e1n de acuerdo con la ley. Cualquier conflicto o divergencia en su interpretaci\u00f3n ser\u00e1 sometido al tribunal competente.<\/p>\t\t\t\t\t\t<\/div>\n\t\t\t\t<\/div>\n\t\t\t\t\t<\/div>\n\t\t<\/div>\n\t\t\t\t\t<\/div>\n\t\t<\/section>\n\t\t\t\t<\/div>\n\t\t","protected":false},"excerpt":{"rendered":"<p>Aviso Legal Este sitio web es propiedad de PONTUAL. PONTUAL puede modificar, agregar o eliminar en cualquier momento cualquiera de los t\u00e9rminos de uso de este sitio web. Por lo tanto, se recomienda al visitante que consulte esta informaci\u00f3n con regularidad. Al acceder a este sitio web, el visitante declara haber le\u00eddo, comprendido y aceptado [&hellip;]<\/p>\n","protected":false},"author":1,"featured_media":0,"parent":0,"menu_order":0,"comment_status":"closed","ping_status":"closed","template":"","meta":{"footnotes":""},"class_list":["post-891","page","type-page","status-publish","hentry"],"_links":{"self":[{"href":"https:\/\/jurisflow.com\/es\/wp-json\/wp\/v2\/pages\/891","targetHints":{"allow":["GET"]}}],"collection":[{"href":"https:\/\/jurisflow.com\/es\/wp-json\/wp\/v2\/pages"}],"about":[{"href":"https:\/\/jurisflow.com\/es\/wp-json\/wp\/v2\/types\/page"}],"author":[{"embeddable":true,"href":"https:\/\/jurisflow.com\/es\/wp-json\/wp\/v2\/users\/1"}],"replies":[{"embeddable":true,"href":"https:\/\/jurisflow.com\/es\/wp-json\/wp\/v2\/comments?post=891"}],"version-history":[{"count":2,"href":"https:\/\/jurisflow.com\/es\/wp-json\/wp\/v2\/pages\/891\/revisions"}],"predecessor-version":[{"id":895,"href":"https:\/\/jurisflow.com\/es\/wp-json\/wp\/v2\/pages\/891\/revisions\/895"}],"wp:attachment":[{"href":"https:\/\/jurisflow.com\/es\/wp-json\/wp\/v2\/media?parent=891"}],"curies":[{"name":"wp","href":"https:\/\/api.w.org\/{rel}","templated":true}]}}