{"id":597,"date":"2020-10-16T11:13:04","date_gmt":"2020-10-16T11:13:04","guid":{"rendered":"https:\/\/jurisflow.com\/privacy-policy\/"},"modified":"2020-10-27T10:17:05","modified_gmt":"2020-10-27T10:17:05","slug":"politica-de-privacidad","status":"publish","type":"page","link":"https:\/\/jurisflow.com\/es\/politica-de-privacidad\/","title":{"rendered":"Pol\u00edtica de Privacidad"},"content":{"rendered":"\t\t<div data-elementor-type=\"wp-page\" data-elementor-id=\"597\" class=\"elementor elementor-597 elementor-514\" data-elementor-post-type=\"page\">\n\t\t\t\t\t\t<section class=\"elementor-section elementor-top-section elementor-element elementor-element-5c382ef elementor-section-boxed elementor-section-height-default elementor-section-height-default\" data-id=\"5c382ef\" data-element_type=\"section\">\n\t\t\t\t\t\t<div class=\"elementor-container elementor-column-gap-default\">\n\t\t\t\t\t<div class=\"elementor-column elementor-col-100 elementor-top-column elementor-element elementor-element-566c71d\" data-id=\"566c71d\" data-element_type=\"column\">\n\t\t\t<div class=\"elementor-widget-wrap elementor-element-populated\">\n\t\t\t\t\t\t<div class=\"elementor-element elementor-element-dfe073e line-left-bw elementor-widget elementor-widget-heading\" data-id=\"dfe073e\" data-element_type=\"widget\" data-widget_type=\"heading.default\">\n\t\t\t\t<div class=\"elementor-widget-container\">\n\t\t\t<h2 class=\"elementor-heading-title elementor-size-default\">Pol\u00edtica de Privacidad<\/h2>\t\t<\/div>\n\t\t\t\t<\/div>\n\t\t\t\t\t<\/div>\n\t\t<\/div>\n\t\t\t\t\t<\/div>\n\t\t<\/section>\n\t\t\t\t<section class=\"elementor-section elementor-top-section elementor-element elementor-element-03a1aeb elementor-section-boxed elementor-section-height-default elementor-section-height-default\" data-id=\"03a1aeb\" data-element_type=\"section\">\n\t\t\t\t\t\t<div class=\"elementor-container elementor-column-gap-default\">\n\t\t\t\t\t<div class=\"elementor-column elementor-col-100 elementor-top-column elementor-element elementor-element-38317e2\" data-id=\"38317e2\" data-element_type=\"column\">\n\t\t\t<div class=\"elementor-widget-wrap elementor-element-populated\">\n\t\t\t\t\t\t<div class=\"elementor-element elementor-element-9b50574 elementor-widget elementor-widget-text-editor\" data-id=\"9b50574\" data-element_type=\"widget\" data-widget_type=\"text-editor.default\">\n\t\t\t\t<div class=\"elementor-widget-container\">\n\t\t\t\t\t\t\t<p>La empresa Pontual Software Solutions (PONTUAL) es responsable de esta pol\u00edtica de privacidad. Esta pol\u00edtica de privacidad cubre este sitio web, as\u00ed como otros sitios que mencionan dicha pol\u00edtica.<\/p><p>La privacidad del usuario es importante para PONTUAL.<\/p><p>PONTUAL se compromete a respetar la privacidad del visitante y a procesar sus datos personales de manera cuidadosa y confidencial, de acuerdo con las leyes aplicables. Los datos no ser\u00e1n tratados para ning\u00fan otro fin que no est\u00e9 especificado en esta pol\u00edtica.<\/p><p>PONTUAL puede actualizar o modificar su Pol\u00edtica de Privacidad en cualquier momento, en cualquier caso, para adaptarla a los cambios legislativos. Por lo tanto, se recomienda a los visitantes que visiten esta informaci\u00f3n con regularidad<\/p>\t\t\t\t\t\t<\/div>\n\t\t\t\t<\/div>\n\t\t\t\t\t<\/div>\n\t\t<\/div>\n\t\t\t\t\t<\/div>\n\t\t<\/section>\n\t\t\t\t<section class=\"elementor-section elementor-top-section elementor-element elementor-element-d8d1983 elementor-section-boxed elementor-section-height-default elementor-section-height-default\" data-id=\"d8d1983\" data-element_type=\"section\">\n\t\t\t\t\t\t<div class=\"elementor-container elementor-column-gap-default\">\n\t\t\t\t\t<div class=\"elementor-column elementor-col-100 elementor-top-column elementor-element elementor-element-dfc398f\" data-id=\"dfc398f\" data-element_type=\"column\">\n\t\t\t<div class=\"elementor-widget-wrap elementor-element-populated\">\n\t\t\t\t\t\t<div class=\"elementor-element elementor-element-0623920 elementor-widget elementor-widget-heading\" data-id=\"0623920\" data-element_type=\"widget\" data-widget_type=\"heading.default\">\n\t\t\t\t<div class=\"elementor-widget-container\">\n\t\t\t<h3 class=\"elementor-heading-title elementor-size-default\">2. CONSENTIMIENTO<\/h3>\t\t<\/div>\n\t\t\t\t<\/div>\n\t\t\t\t<div class=\"elementor-element elementor-element-cc1f2a2 elementor-widget elementor-widget-text-editor\" data-id=\"cc1f2a2\" data-element_type=\"widget\" data-widget_type=\"text-editor.default\">\n\t\t\t\t<div class=\"elementor-widget-container\">\n\t\t\t\t\t\t\t<p>Al utilizar este sitio web, el visitante da su consentimiento para la recopilaci\u00f3n y el uso de la informaci\u00f3n.<\/p><p>Se podr\u00e1 en cualquier momento modificar, agregar o eliminar cualquiera de las pol\u00edticas de privacidad de este sitio web mediante la actualizaci\u00f3n del contenido de esta p\u00e1gina<\/p>\t\t\t\t\t\t<\/div>\n\t\t\t\t<\/div>\n\t\t\t\t\t<\/div>\n\t\t<\/div>\n\t\t\t\t\t<\/div>\n\t\t<\/section>\n\t\t\t\t<section class=\"elementor-section elementor-top-section elementor-element elementor-element-1bff5d0 elementor-section-boxed elementor-section-height-default elementor-section-height-default\" data-id=\"1bff5d0\" data-element_type=\"section\">\n\t\t\t\t\t\t<div class=\"elementor-container elementor-column-gap-default\">\n\t\t\t\t\t<div class=\"elementor-column elementor-col-100 elementor-top-column elementor-element elementor-element-0a0600b\" data-id=\"0a0600b\" data-element_type=\"column\">\n\t\t\t<div class=\"elementor-widget-wrap elementor-element-populated\">\n\t\t\t\t\t\t<div class=\"elementor-element elementor-element-b019234 elementor-widget elementor-widget-heading\" data-id=\"b019234\" data-element_type=\"widget\" data-widget_type=\"heading.default\">\n\t\t\t\t<div class=\"elementor-widget-container\">\n\t\t\t<h3 class=\"elementor-heading-title elementor-size-default\">3. \u00bfQU\u00c9 TIPO DE DATOS SON RECOGIDOS?<\/h3>\t\t<\/div>\n\t\t\t\t<\/div>\n\t\t\t\t<div class=\"elementor-element elementor-element-a883842 elementor-widget elementor-widget-text-editor\" data-id=\"a883842\" data-element_type=\"widget\" data-widget_type=\"text-editor.default\">\n\t\t\t\t<div class=\"elementor-widget-container\">\n\t\t\t\t\t\t\t<p>Se recogen datos sobre las empresas que son sus clientes y sus empleados: nombre, correo electr\u00f3nico, cargo y tel\u00e9fono.<\/p>\t\t\t\t\t\t<\/div>\n\t\t\t\t<\/div>\n\t\t\t\t\t<\/div>\n\t\t<\/div>\n\t\t\t\t\t<\/div>\n\t\t<\/section>\n\t\t\t\t<section class=\"elementor-section elementor-top-section elementor-element elementor-element-6da860a elementor-section-boxed elementor-section-height-default elementor-section-height-default\" data-id=\"6da860a\" data-element_type=\"section\">\n\t\t\t\t\t\t<div class=\"elementor-container elementor-column-gap-default\">\n\t\t\t\t\t<div class=\"elementor-column elementor-col-100 elementor-top-column elementor-element elementor-element-d132645\" data-id=\"d132645\" data-element_type=\"column\">\n\t\t\t<div class=\"elementor-widget-wrap elementor-element-populated\">\n\t\t\t\t\t\t<div class=\"elementor-element elementor-element-927ff65 elementor-widget elementor-widget-heading\" data-id=\"927ff65\" data-element_type=\"widget\" data-widget_type=\"heading.default\">\n\t\t\t\t<div class=\"elementor-widget-container\">\n\t\t\t<h3 class=\"elementor-heading-title elementor-size-default\">4. \u00bfPARA QU\u00c9 FINES SE RECOGEN LOS DATOS PERSONALES DEL USUARIO?<\/h3>\t\t<\/div>\n\t\t\t\t<\/div>\n\t\t\t\t<div class=\"elementor-element elementor-element-cf826d1 elementor-widget elementor-widget-text-editor\" data-id=\"cf826d1\" data-element_type=\"widget\" data-widget_type=\"text-editor.default\">\n\t\t\t\t<div class=\"elementor-widget-container\">\n\t\t\t\t\t\t\t<p>Los datos recogidos en el sitio web est\u00e1n destinados al procesamiento de pedidos y a la comunicaci\u00f3n con los Clientes, el procesamiento de solicitudes de informaci\u00f3n, el an\u00e1lisis estad\u00edstico, as\u00ed como el uso respectivo para fines de marketing directo.<\/p>\t\t\t\t\t\t<\/div>\n\t\t\t\t<\/div>\n\t\t\t\t\t<\/div>\n\t\t<\/div>\n\t\t\t\t\t<\/div>\n\t\t<\/section>\n\t\t\t\t<section class=\"elementor-section elementor-top-section elementor-element elementor-element-7ed3d9e elementor-section-boxed elementor-section-height-default elementor-section-height-default\" data-id=\"7ed3d9e\" data-element_type=\"section\">\n\t\t\t\t\t\t<div class=\"elementor-container elementor-column-gap-default\">\n\t\t\t\t\t<div class=\"elementor-column elementor-col-100 elementor-top-column elementor-element elementor-element-9598f95\" data-id=\"9598f95\" data-element_type=\"column\">\n\t\t\t<div class=\"elementor-widget-wrap elementor-element-populated\">\n\t\t\t\t\t\t<div class=\"elementor-element elementor-element-0b518bc elementor-widget elementor-widget-heading\" data-id=\"0b518bc\" data-element_type=\"widget\" data-widget_type=\"heading.default\">\n\t\t\t\t<div class=\"elementor-widget-container\">\n\t\t\t<h3 class=\"elementor-heading-title elementor-size-default\">5. \u00bfSE UTILIZAN LOS DATOS PERSONALES PARA MARKETING DIRECTO?<\/h3>\t\t<\/div>\n\t\t\t\t<\/div>\n\t\t\t\t<div class=\"elementor-element elementor-element-413fb9b elementor-widget elementor-widget-text-editor\" data-id=\"413fb9b\" data-element_type=\"widget\" data-widget_type=\"text-editor.default\">\n\t\t\t\t<div class=\"elementor-widget-container\">\n\t\t\t\t\t\t\t<p>Se podr\u00e1 utilizar los datos personales del visitante para enviar cualquier correo electr\u00f3nico no solicitado, relacionado con productos u ofertas comerciales que puedan ser de su inter\u00e9s. No se venden ni se negocian datos.<\/p><p>El visitante autoriza expresamente a PONTUAL a enviar informaci\u00f3n sobre productos y servicios que puedan ser de su inter\u00e9s utilizando sus datos personales para dirigir eventos de marketing a trav\u00e9s de cualquier canal de comunicaci\u00f3n, en particular mediante el uso de correo electr\u00f3nico, tel\u00e9fono, SMS, MMS u otras formas de llamada autom\u00e1tica. PONTUAL no comercializar\u00e1 ni compartir\u00e1 su base de datos de clientes.<\/p>\t\t\t\t\t\t<\/div>\n\t\t\t\t<\/div>\n\t\t\t\t\t<\/div>\n\t\t<\/div>\n\t\t\t\t\t<\/div>\n\t\t<\/section>\n\t\t\t\t<section class=\"elementor-section elementor-top-section elementor-element elementor-element-1181b4c elementor-section-boxed elementor-section-height-default elementor-section-height-default\" data-id=\"1181b4c\" data-element_type=\"section\">\n\t\t\t\t\t\t<div class=\"elementor-container elementor-column-gap-default\">\n\t\t\t\t\t<div class=\"elementor-column elementor-col-100 elementor-top-column elementor-element elementor-element-ff4e55b\" data-id=\"ff4e55b\" data-element_type=\"column\">\n\t\t\t<div class=\"elementor-widget-wrap elementor-element-populated\">\n\t\t\t\t\t\t<div class=\"elementor-element elementor-element-152311f elementor-widget elementor-widget-heading\" data-id=\"152311f\" data-element_type=\"widget\" data-widget_type=\"heading.default\">\n\t\t\t\t<div class=\"elementor-widget-container\">\n\t\t\t<h3 class=\"elementor-heading-title elementor-size-default\">6. \u00bfQUIEN ACCEDE A LOS DATOS PERSONALES DEL VISITANTE?<\/h3>\t\t<\/div>\n\t\t\t\t<\/div>\n\t\t\t\t<div class=\"elementor-element elementor-element-34de57b elementor-widget elementor-widget-text-editor\" data-id=\"34de57b\" data-element_type=\"widget\" data-widget_type=\"text-editor.default\">\n\t\t\t\t<div class=\"elementor-widget-container\">\n\t\t\t\t\t\t\t<p>PONTUAL no cede ning\u00fan dato personal de sus visitantes a terceros, sin su consentimiento, excepto (1) cuando se trata de empresas del Grupo PONTUAL, o (2) cuando sea necesario para empleados, proveedores o socios comerciales. PONTUAL pueden proporcionar un producto o servicio o realizar una funci\u00f3n en nombre de PONTUAL, o (3) cuando lo permita la ley.<\/p><p>Se tomar\u00e1n las precauciones razonables para que sus empleados o colaboradores con acceso a los datos personales reciban la formaci\u00f3n adecuada para su correcto tratamiento, respetando esta pol\u00edtica y las obligaciones legales de protecci\u00f3n de datos. En caso de incumplimiento, se aplicar\u00e1 sanciones disciplinarias a sus empleados y colaboradores.<\/p><p>Siempre que se divulguen los datos personales del visitante, salvaguardar\u00e1 el cumplimiento de la Ley de Protecci\u00f3n de Datos Personales, es decir, mediante la provisi\u00f3n de disposiciones contractuales que aseguren que el tercero utilice los datos recibidos solo para los fines especificados y de acuerdo con los fines descritos en esta pol\u00edtica, y que hace uso de los medios de seguridad adecuados, con el fin de proteger los datos personales del visitante frente a tratamientos ilegales o no autorizados as\u00ed como frente a p\u00e9rdidas accidentales, destrucci\u00f3n u otras acciones lesivas<\/p>\t\t\t\t\t\t<\/div>\n\t\t\t\t<\/div>\n\t\t\t\t\t<\/div>\n\t\t<\/div>\n\t\t\t\t\t<\/div>\n\t\t<\/section>\n\t\t\t\t<section class=\"elementor-section elementor-top-section elementor-element elementor-element-95c73a1 elementor-section-boxed elementor-section-height-default elementor-section-height-default\" data-id=\"95c73a1\" data-element_type=\"section\">\n\t\t\t\t\t\t<div class=\"elementor-container elementor-column-gap-default\">\n\t\t\t\t\t<div class=\"elementor-column elementor-col-100 elementor-top-column elementor-element elementor-element-8ea0c76\" data-id=\"8ea0c76\" data-element_type=\"column\">\n\t\t\t<div class=\"elementor-widget-wrap elementor-element-populated\">\n\t\t\t\t\t\t<div class=\"elementor-element elementor-element-a05d517 elementor-widget elementor-widget-heading\" data-id=\"a05d517\" data-element_type=\"widget\" data-widget_type=\"heading.default\">\n\t\t\t\t<div class=\"elementor-widget-container\">\n\t\t\t<h3 class=\"elementor-heading-title elementor-size-default\">7. \u00bfD\u00d3NDE EST\u00c1N GUARDADOS LOS DATOS DEL USUARIO?<\/h3>\t\t<\/div>\n\t\t\t\t<\/div>\n\t\t\t\t<div class=\"elementor-element elementor-element-ce9cebc elementor-widget elementor-widget-text-editor\" data-id=\"ce9cebc\" data-element_type=\"widget\" data-widget_type=\"text-editor.default\">\n\t\t\t\t<div class=\"elementor-widget-container\">\n\t\t\t\t\t\t\t<p>Los datos de sus visitantes son guardados en servidores. Estos servidores est\u00e1n protegidos y mantenidos de acuerdo con altos est\u00e1ndares de seguridad y con el fin de respetar las leyes de privacidad aplicables.<\/p>\t\t\t\t\t\t<\/div>\n\t\t\t\t<\/div>\n\t\t\t\t\t<\/div>\n\t\t<\/div>\n\t\t\t\t\t<\/div>\n\t\t<\/section>\n\t\t\t\t<section class=\"elementor-section elementor-top-section elementor-element elementor-element-056b13b elementor-section-boxed elementor-section-height-default elementor-section-height-default\" data-id=\"056b13b\" data-element_type=\"section\">\n\t\t\t\t\t\t<div class=\"elementor-container elementor-column-gap-default\">\n\t\t\t\t\t<div class=\"elementor-column elementor-col-100 elementor-top-column elementor-element elementor-element-b847755\" data-id=\"b847755\" data-element_type=\"column\">\n\t\t\t<div class=\"elementor-widget-wrap elementor-element-populated\">\n\t\t\t\t\t\t<div class=\"elementor-element elementor-element-c15eb8f elementor-widget elementor-widget-heading\" data-id=\"c15eb8f\" data-element_type=\"widget\" data-widget_type=\"heading.default\">\n\t\t\t\t<div class=\"elementor-widget-container\">\n\t\t\t<h3 class=\"elementor-heading-title elementor-size-default\">8. \u00bfEST\u00c1N SEGUROS LOS DATOS DEL USUARIO?<\/h3>\t\t<\/div>\n\t\t\t\t<\/div>\n\t\t\t\t<div class=\"elementor-element elementor-element-bf1fef8 elementor-widget elementor-widget-text-editor\" data-id=\"bf1fef8\" data-element_type=\"widget\" data-widget_type=\"text-editor.default\">\n\t\t\t\t<div class=\"elementor-widget-container\">\n\t\t\t\t\t\t\t<p>Se han tomado las medidas t\u00e9cnicas y organizativas necesarias para proteger adecuadamente sus datos de accesos no autorizados.<\/p><p>Se hacen todos los esfuerzos razonables para evitar el uso no autorizado o ilegal de los datos personales del visitante, as\u00ed como su p\u00e9rdida, destrucci\u00f3n o da\u00f1o. Sin embargo, no se puede ofrecer una garant\u00eda absoluta con respecto a los datos de los visitantes.<\/p><p>Se protege la seguridad de los datos personales del visitante a trav\u00e9s de los siguientes medios: (1) uso de cifrado certificado en todas las comunicaciones del sitio web, (2) uso de una contrase\u00f1a para acceder al sitio web; y (3) limitar el acceso a los datos personales (por ejemplo, el acceso solo a los empleados o trabajadores de PONTUAL que necesiten acceder a ellos para los fines descritos anteriormente).<\/p><p>Se solicita la colaboraci\u00f3n del visitante para mantener la seguridad de los datos personales, recomendando que: (1) no utilice un nombre de usuario y contrase\u00f1a que sean f\u00e1ciles de adivinar; (2) cambie la contrase\u00f1a con regularidad; y (3) no divulgue la contrase\u00f1a a nadie m\u00e1s.<\/p>\t\t\t\t\t\t<\/div>\n\t\t\t\t<\/div>\n\t\t\t\t\t<\/div>\n\t\t<\/div>\n\t\t\t\t\t<\/div>\n\t\t<\/section>\n\t\t\t\t<section class=\"elementor-section elementor-top-section elementor-element elementor-element-fbb235b elementor-section-boxed elementor-section-height-default elementor-section-height-default\" data-id=\"fbb235b\" data-element_type=\"section\">\n\t\t\t\t\t\t<div class=\"elementor-container elementor-column-gap-default\">\n\t\t\t\t\t<div class=\"elementor-column elementor-col-100 elementor-top-column elementor-element elementor-element-fff9505\" data-id=\"fff9505\" data-element_type=\"column\">\n\t\t\t<div class=\"elementor-widget-wrap elementor-element-populated\">\n\t\t\t\t\t\t<div class=\"elementor-element elementor-element-779934e elementor-widget elementor-widget-heading\" data-id=\"779934e\" data-element_type=\"widget\" data-widget_type=\"heading.default\">\n\t\t\t\t<div class=\"elementor-widget-container\">\n\t\t\t<h3 class=\"elementor-heading-title elementor-size-default\">9. \u00bfY CU\u00c1NDO EXISTEN ENLACES EN EL SITIO WEB?<\/h3>\t\t<\/div>\n\t\t\t\t<\/div>\n\t\t\t\t<div class=\"elementor-element elementor-element-92a8f83 elementor-widget elementor-widget-text-editor\" data-id=\"92a8f83\" data-element_type=\"widget\" data-widget_type=\"text-editor.default\">\n\t\t\t\t<div class=\"elementor-widget-container\">\n\t\t\t\t\t\t\t<p>El sitio web puede contener enlaces a otros sitios web y direcciones de correo electr\u00f3nico de empresas no pertenecientes a PONTUAL. Esta Pol\u00edtica de privacidad no se aplica a esos sitios web y direcciones de correo electr\u00f3nico.<\/p><p>Si utiliza un enlace disponible en este sitio web a otro sitio web y proporciona datos personales en ese sitio web, el procesamiento de los datos estar\u00e1 sujeto a la declaraci\u00f3n de privacidad de ese sitio web.<\/p>\t\t\t\t\t\t<\/div>\n\t\t\t\t<\/div>\n\t\t\t\t\t<\/div>\n\t\t<\/div>\n\t\t\t\t\t<\/div>\n\t\t<\/section>\n\t\t\t\t<section class=\"elementor-section elementor-top-section elementor-element elementor-element-6bf8fd7 elementor-section-boxed elementor-section-height-default elementor-section-height-default\" data-id=\"6bf8fd7\" data-element_type=\"section\">\n\t\t\t\t\t\t<div class=\"elementor-container elementor-column-gap-default\">\n\t\t\t\t\t<div class=\"elementor-column elementor-col-100 elementor-top-column elementor-element elementor-element-f75891b\" data-id=\"f75891b\" data-element_type=\"column\">\n\t\t\t<div class=\"elementor-widget-wrap elementor-element-populated\">\n\t\t\t\t\t\t<div class=\"elementor-element elementor-element-84544c3 elementor-widget elementor-widget-heading\" data-id=\"84544c3\" data-element_type=\"widget\" data-widget_type=\"heading.default\">\n\t\t\t\t<div class=\"elementor-widget-container\">\n\t\t\t<h3 class=\"elementor-heading-title elementor-size-default\">10. \u00bfHAY COOKIES DE USO ESPECIAL EN EL SITIO WEB?<\/h3>\t\t<\/div>\n\t\t\t\t<\/div>\n\t\t\t\t<div class=\"elementor-element elementor-element-267380a elementor-widget elementor-widget-text-editor\" data-id=\"267380a\" data-element_type=\"widget\" data-widget_type=\"text-editor.default\">\n\t\t\t\t<div class=\"elementor-widget-container\">\n\t\t\t\t\t\t\t<p>El sitio web utiliza cookies en determinadas \u00e1reas.<\/p><p>Los cookies son archivos que almacenan informaci\u00f3n en el disco duro o el navegador del visitante, lo que permite que los sitios web lo reconozcan y sepan que los ha visitado antes.<\/p><p>El visitante puede configurar su navegador para rechazar las cookies, pero en este caso, es posible que el sitio web o partes del mismo no funcionen correctamente.<\/p><p>Las cookies se utilizan para monitorear y analizar el uso del sitio web, lo que permite a PONTUAL identificar y atender mejor al visitante.<\/p><p>No se comparten cookies con terceros incluyendo proveedores de datos externos o sitios web.<\/p>\t\t\t\t\t\t<\/div>\n\t\t\t\t<\/div>\n\t\t\t\t\t<\/div>\n\t\t<\/div>\n\t\t\t\t\t<\/div>\n\t\t<\/section>\n\t\t\t\t<section class=\"elementor-section elementor-top-section elementor-element elementor-element-cb77db4 elementor-section-boxed elementor-section-height-default elementor-section-height-default\" data-id=\"cb77db4\" data-element_type=\"section\">\n\t\t\t\t\t\t<div class=\"elementor-container elementor-column-gap-default\">\n\t\t\t\t\t<div class=\"elementor-column elementor-col-100 elementor-top-column elementor-element elementor-element-d7c9daa\" data-id=\"d7c9daa\" data-element_type=\"column\">\n\t\t\t<div class=\"elementor-widget-wrap elementor-element-populated\">\n\t\t\t\t\t\t<div class=\"elementor-element elementor-element-1032ba1 elementor-widget elementor-widget-heading\" data-id=\"1032ba1\" data-element_type=\"widget\" data-widget_type=\"heading.default\">\n\t\t\t\t<div class=\"elementor-widget-container\">\n\t\t\t<h3 class=\"elementor-heading-title elementor-size-default\">11. \u00bfQU\u00c9 DERECHOS TIENE EL VISITANTE RESPECTO A LOS DATOS?<\/h3>\t\t<\/div>\n\t\t\t\t<\/div>\n\t\t\t\t<div class=\"elementor-element elementor-element-e8db345 elementor-widget elementor-widget-text-editor\" data-id=\"e8db345\" data-element_type=\"widget\" data-widget_type=\"text-editor.default\">\n\t\t\t\t<div class=\"elementor-widget-container\">\n\t\t\t\t\t\t\t<p>De acuerdo con la Ley de Protecci\u00f3n de Datos Personales, el visitante tiene derecho a obtener informaci\u00f3n sobre sus datos personales. Tiene que saber que datos personales han sido tratados por PONTUAL, pudiendo tambi\u00e9n solicitar la correcci\u00f3n, bloqueo o eliminaci\u00f3n de los datos total o parcialmente en caso de que est\u00e9n incompletos, incorrectos o irrelevantes para efectos del tratamiento.<\/p><p>La actualizaci\u00f3n de los datos debe ser realizada por el cliente en el sitio web, en el apartado disponible.<\/p>\t\t\t\t\t\t<\/div>\n\t\t\t\t<\/div>\n\t\t\t\t\t<\/div>\n\t\t<\/div>\n\t\t\t\t\t<\/div>\n\t\t<\/section>\n\t\t\t\t<section class=\"elementor-section elementor-top-section elementor-element elementor-element-b3bb0cd elementor-section-boxed elementor-section-height-default elementor-section-height-default\" data-id=\"b3bb0cd\" data-element_type=\"section\">\n\t\t\t\t\t\t<div class=\"elementor-container elementor-column-gap-default\">\n\t\t\t\t\t<div class=\"elementor-column elementor-col-100 elementor-top-column elementor-element elementor-element-64bc921\" data-id=\"64bc921\" data-element_type=\"column\">\n\t\t\t<div class=\"elementor-widget-wrap elementor-element-populated\">\n\t\t\t\t\t\t<div class=\"elementor-element elementor-element-049c690 elementor-widget elementor-widget-text-editor\" data-id=\"049c690\" data-element_type=\"widget\" data-widget_type=\"text-editor.default\">\n\t\t\t\t<div class=\"elementor-widget-container\">\n\t\t\t\t\t\t\t<p>Si desea, en cualquier momento, dejar de formar parte de la base de datos, debe ponerse en contacto con nosotros a trav\u00e9s de los siguientes medios:<\/p><p>Pontual Software Solutions (Portugal)<br \/>Correo electr\u00f3nico: <a href=\"mailto:info@pontualsoftware.com\">info@pontualsoftware.com<\/a><br \/>Tel\u00e9fono: +351 256 379 510<br \/>Horario de atenci\u00f3n: Lunes a Viernes 9h \u2013 18:30h<br \/><a href=\"https:\/\/www.pontualsoftware.com\/\">https:\/\/www.pontualsoftware.com\/<\/a><\/p>\t\t\t\t\t\t<\/div>\n\t\t\t\t<\/div>\n\t\t\t\t\t<\/div>\n\t\t<\/div>\n\t\t\t\t\t<\/div>\n\t\t<\/section>\n\t\t\t\t<\/div>\n\t\t","protected":false},"excerpt":{"rendered":"<p>Pol\u00edtica de Privacidad La empresa Pontual Software Solutions (PONTUAL) es responsable de esta pol\u00edtica de privacidad. Esta pol\u00edtica de privacidad cubre este sitio web, as\u00ed como otros sitios que mencionan dicha pol\u00edtica. La privacidad del usuario es importante para PONTUAL. PONTUAL se compromete a respetar la privacidad del visitante y a procesar sus datos personales [&hellip;]<\/p>\n","protected":false},"author":1,"featured_media":0,"parent":0,"menu_order":0,"comment_status":"closed","ping_status":"closed","template":"","meta":{"footnotes":""},"class_list":["post-597","page","type-page","status-publish","hentry"],"_links":{"self":[{"href":"https:\/\/jurisflow.com\/es\/wp-json\/wp\/v2\/pages\/597","targetHints":{"allow":["GET"]}}],"collection":[{"href":"https:\/\/jurisflow.com\/es\/wp-json\/wp\/v2\/pages"}],"about":[{"href":"https:\/\/jurisflow.com\/es\/wp-json\/wp\/v2\/types\/page"}],"author":[{"embeddable":true,"href":"https:\/\/jurisflow.com\/es\/wp-json\/wp\/v2\/users\/1"}],"replies":[{"embeddable":true,"href":"https:\/\/jurisflow.com\/es\/wp-json\/wp\/v2\/comments?post=597"}],"version-history":[{"count":5,"href":"https:\/\/jurisflow.com\/es\/wp-json\/wp\/v2\/pages\/597\/revisions"}],"predecessor-version":[{"id":981,"href":"https:\/\/jurisflow.com\/es\/wp-json\/wp\/v2\/pages\/597\/revisions\/981"}],"wp:attachment":[{"href":"https:\/\/jurisflow.com\/es\/wp-json\/wp\/v2\/media?parent=597"}],"curies":[{"name":"wp","href":"https:\/\/api.w.org\/{rel}","templated":true}]}}