{"id":582,"date":"2020-10-13T14:49:00","date_gmt":"2020-10-13T14:49:00","guid":{"rendered":"https:\/\/jurisflow.com\/jurisflow-for-lawyers-society\/"},"modified":"2020-11-06T16:12:11","modified_gmt":"2020-11-06T16:12:11","slug":"despacho-de-abogados","status":"publish","type":"page","link":"https:\/\/jurisflow.com\/es\/despacho-de-abogados\/","title":{"rendered":"Despacho de Abogados"},"content":{"rendered":"\t\t<div data-elementor-type=\"wp-page\" data-elementor-id=\"582\" class=\"elementor elementor-582 elementor-281\" data-elementor-post-type=\"page\">\n\t\t\t\t\t\t<section class=\"elementor-section elementor-top-section elementor-element elementor-element-f9c56db elementor-section-height-min-height elementor-section-boxed elementor-section-height-default elementor-section-items-middle\" data-id=\"f9c56db\" data-element_type=\"section\" data-settings=\"{&quot;background_background&quot;:&quot;classic&quot;}\">\n\t\t\t\t\t\t\t<div class=\"elementor-background-overlay\"><\/div>\n\t\t\t\t\t\t\t<div class=\"elementor-container elementor-column-gap-default\">\n\t\t\t\t\t<div class=\"elementor-column elementor-col-100 elementor-top-column elementor-element elementor-element-8d43924\" data-id=\"8d43924\" data-element_type=\"column\">\n\t\t\t<div class=\"elementor-widget-wrap elementor-element-populated\">\n\t\t\t\t\t\t<div class=\"elementor-element elementor-element-bf7d59d line-left-bw elementor-widget elementor-widget-text-editor\" data-id=\"bf7d59d\" data-element_type=\"widget\" data-widget_type=\"text-editor.default\">\n\t\t\t\t<div class=\"elementor-widget-container\">\n\t\t\t\t\t\t\t<p><span class=\"TextRun  BCX9 SCXP110753039\" lang=\"PT-PT\" xml:lang=\"PT-PT\" data-usefontface=\"false\" data-contrast=\"none\"><span class=\"SpellingError  BCX9 SCXP110753039\">JurisFlow<\/span><\/span><span class=\"TextRun  BCX9 SCXP110753039\" lang=\"PT-PT\" xml:lang=\"PT-PT\" data-usefontface=\"false\" data-contrast=\"none\"><span class=\"NormalTextRun  BCX9 SCXP110753039\">\u00a0para Despacho de\u00a0<\/span><\/span><span class=\"TextRun  BCX9 SCXP110753039\" lang=\"PT-PT\" xml:lang=\"PT-PT\" data-usefontface=\"false\" data-contrast=\"none\"><span class=\"SpellingError  BCX9 SCXP110753039\">Abogados<\/span><\/span><\/p>\t\t\t\t\t\t<\/div>\n\t\t\t\t<\/div>\n\t\t\t\t<div class=\"elementor-element elementor-element-aa048fc elementor-widget elementor-widget-text-editor\" data-id=\"aa048fc\" data-element_type=\"widget\" data-widget_type=\"text-editor.default\">\n\t\t\t\t<div class=\"elementor-widget-container\">\n\t\t\t\t\t\t\tEl mejor software jur\u00eddico para despachos de abogados y aut\u00f3nomos\u200b\t\t\t\t\t\t<\/div>\n\t\t\t\t<\/div>\n\t\t\t\t\t<\/div>\n\t\t<\/div>\n\t\t\t\t\t<\/div>\n\t\t<\/section>\n\t\t\t\t<section class=\"elementor-section elementor-top-section elementor-element elementor-element-0539332 elementor-section-boxed elementor-section-height-default elementor-section-height-default\" data-id=\"0539332\" data-element_type=\"section\">\n\t\t\t\t\t\t<div class=\"elementor-container elementor-column-gap-default\">\n\t\t\t\t\t<div class=\"elementor-column elementor-col-50 elementor-top-column elementor-element elementor-element-1b218b5\" data-id=\"1b218b5\" data-element_type=\"column\">\n\t\t\t<div class=\"elementor-widget-wrap elementor-element-populated\">\n\t\t\t\t\t\t<div class=\"elementor-element elementor-element-ff4ca1d elementor-widget elementor-widget-text-editor\" data-id=\"ff4ca1d\" data-element_type=\"widget\" data-widget_type=\"text-editor.default\">\n\t\t\t\t<div class=\"elementor-widget-container\">\n\t\t\t\t\t\t\tToda la informaci\u00f3n en una \u00fanica plataforma\u200b\t\t\t\t\t\t<\/div>\n\t\t\t\t<\/div>\n\t\t\t\t<div class=\"elementor-element elementor-element-865288c elementor-widget elementor-widget-text-editor\" data-id=\"865288c\" data-element_type=\"widget\" data-widget_type=\"text-editor.default\">\n\t\t\t\t<div class=\"elementor-widget-container\">\n\t\t\t\t\t\t\tDe forma intuitiva, puede acceder a un conjunto de informaci\u00f3n actualizada y relevante que le permite controlar archivos, demandas, plazos&#8230; y mucho m\u00e1s.\u200b\t\t\t\t\t\t<\/div>\n\t\t\t\t<\/div>\n\t\t\t\t\t<\/div>\n\t\t<\/div>\n\t\t\t\t<div class=\"elementor-column elementor-col-50 elementor-top-column elementor-element elementor-element-fdfe1d0\" data-id=\"fdfe1d0\" data-element_type=\"column\">\n\t\t\t<div class=\"elementor-widget-wrap elementor-element-populated\">\n\t\t\t\t\t\t<div class=\"elementor-element elementor-element-1bb10b2 elementor-widget elementor-widget-image\" data-id=\"1bb10b2\" data-element_type=\"widget\" data-widget_type=\"image.default\">\n\t\t\t\t<div class=\"elementor-widget-container\">\n\t\t\t\t\t\t\t\t\t\t\t\t\t<img fetchpriority=\"high\" decoding=\"async\" width=\"559\" height=\"295\" src=\"https:\/\/jurisflow.com\/wp-content\/uploads\/2020\/10\/screenshot-JurisFlow-Advogados.png\" class=\"attachment-full size-full wp-image-320\" alt=\"\" srcset=\"https:\/\/jurisflow.com\/wp-content\/uploads\/2020\/10\/screenshot-JurisFlow-Advogados.png 559w, https:\/\/jurisflow.com\/wp-content\/uploads\/2020\/10\/screenshot-JurisFlow-Advogados-300x158.png 300w\" sizes=\"(max-width: 559px) 100vw, 559px\" \/>\t\t\t\t\t\t\t\t\t\t\t\t\t<\/div>\n\t\t\t\t<\/div>\n\t\t\t\t\t<\/div>\n\t\t<\/div>\n\t\t\t\t\t<\/div>\n\t\t<\/section>\n\t\t\t\t<section class=\"elementor-section elementor-top-section elementor-element elementor-element-39d077d elementor-section-boxed elementor-section-height-default elementor-section-height-default\" data-id=\"39d077d\" data-element_type=\"section\">\n\t\t\t\t\t\t<div class=\"elementor-container elementor-column-gap-default\">\n\t\t\t\t\t<div class=\"elementor-column elementor-col-33 elementor-top-column elementor-element elementor-element-6ef73dc\" data-id=\"6ef73dc\" data-element_type=\"column\">\n\t\t\t<div class=\"elementor-widget-wrap elementor-element-populated\">\n\t\t\t\t\t\t<div class=\"elementor-element elementor-element-dee8193 elementor-position-top elementor-widget elementor-widget-image-box\" data-id=\"dee8193\" data-element_type=\"widget\" data-widget_type=\"image-box.default\">\n\t\t\t\t<div class=\"elementor-widget-container\">\n\t\t\t<div class=\"elementor-image-box-wrapper\"><figure class=\"elementor-image-box-img\"><img decoding=\"async\" width=\"70\" height=\"70\" src=\"https:\/\/jurisflow.com\/wp-content\/uploads\/2020\/10\/Group-378.png\" class=\"attachment-full size-full wp-image-307\" alt=\"\" \/><\/figure><div class=\"elementor-image-box-content\"><h3 class=\"elementor-image-box-title\">Gesti\u00f3n<\/h3><p class=\"elementor-image-box-description\">Gesti\u00f3n jur\u00eddica completa \u200b<\/p><\/div><\/div>\t\t<\/div>\n\t\t\t\t<\/div>\n\t\t\t\t\t<\/div>\n\t\t<\/div>\n\t\t\t\t<div class=\"elementor-column elementor-col-33 elementor-top-column elementor-element elementor-element-29f384f\" data-id=\"29f384f\" data-element_type=\"column\">\n\t\t\t<div class=\"elementor-widget-wrap elementor-element-populated\">\n\t\t\t\t\t\t<div class=\"elementor-element elementor-element-8a51c02 elementor-position-top elementor-widget elementor-widget-image-box\" data-id=\"8a51c02\" data-element_type=\"widget\" data-widget_type=\"image-box.default\">\n\t\t\t\t<div class=\"elementor-widget-container\">\n\t\t\t<div class=\"elementor-image-box-wrapper\"><figure class=\"elementor-image-box-img\"><img decoding=\"async\" width=\"70\" height=\"70\" src=\"https:\/\/jurisflow.com\/wp-content\/uploads\/2020\/10\/Group-379.png\" class=\"attachment-full size-full wp-image-309\" alt=\"\" \/><\/figure><div class=\"elementor-image-box-content\"><h3 class=\"elementor-image-box-title\">Procesos<\/h3><p class=\"elementor-image-box-description\">Procesos actualizados diariamente\u200b<\/p><\/div><\/div>\t\t<\/div>\n\t\t\t\t<\/div>\n\t\t\t\t\t<\/div>\n\t\t<\/div>\n\t\t\t\t<div class=\"elementor-column elementor-col-33 elementor-top-column elementor-element elementor-element-7e1dea7\" data-id=\"7e1dea7\" data-element_type=\"column\">\n\t\t\t<div class=\"elementor-widget-wrap elementor-element-populated\">\n\t\t\t\t\t\t<div class=\"elementor-element elementor-element-6a40560 elementor-position-top elementor-widget elementor-widget-image-box\" data-id=\"6a40560\" data-element_type=\"widget\" data-widget_type=\"image-box.default\">\n\t\t\t\t<div class=\"elementor-widget-container\">\n\t\t\t<div class=\"elementor-image-box-wrapper\"><figure class=\"elementor-image-box-img\"><img loading=\"lazy\" decoding=\"async\" width=\"70\" height=\"70\" src=\"https:\/\/jurisflow.com\/wp-content\/uploads\/2020\/10\/Group-380.png\" class=\"attachment-full size-full wp-image-310\" alt=\"\" \/><\/figure><div class=\"elementor-image-box-content\"><h3 class=\"elementor-image-box-title\"> Archivo<\/h3><p class=\"elementor-image-box-description\">Documentos y correos archivados de manera autom\u00e1tica<\/p><\/div><\/div>\t\t<\/div>\n\t\t\t\t<\/div>\n\t\t\t\t\t<\/div>\n\t\t<\/div>\n\t\t\t\t\t<\/div>\n\t\t<\/section>\n\t\t\t\t<section class=\"elementor-section elementor-top-section elementor-element elementor-element-f9d5a6f elementor-section-boxed elementor-section-height-default elementor-section-height-default\" data-id=\"f9d5a6f\" data-element_type=\"section\">\n\t\t\t\t\t\t<div class=\"elementor-container elementor-column-gap-default\">\n\t\t\t\t\t<div class=\"elementor-column elementor-col-33 elementor-top-column elementor-element elementor-element-27ed866\" data-id=\"27ed866\" data-element_type=\"column\">\n\t\t\t<div class=\"elementor-widget-wrap elementor-element-populated\">\n\t\t\t\t\t\t<div class=\"elementor-element elementor-element-782a054 elementor-position-top elementor-widget elementor-widget-image-box\" data-id=\"782a054\" data-element_type=\"widget\" data-widget_type=\"image-box.default\">\n\t\t\t\t<div class=\"elementor-widget-container\">\n\t\t\t<div class=\"elementor-image-box-wrapper\"><figure class=\"elementor-image-box-img\"><img loading=\"lazy\" decoding=\"async\" width=\"70\" height=\"70\" src=\"https:\/\/jurisflow.com\/wp-content\/uploads\/2020\/10\/Group-383.png\" class=\"attachment-full size-full wp-image-313\" alt=\"\" \/><\/figure><div class=\"elementor-image-box-content\"><h3 class=\"elementor-image-box-title\">Plazos<\/h3><p class=\"elementor-image-box-description\">Control de plazos a trav\u00e9s de inteligencia artificial\u200b<\/p><\/div><\/div>\t\t<\/div>\n\t\t\t\t<\/div>\n\t\t\t\t\t<\/div>\n\t\t<\/div>\n\t\t\t\t<div class=\"elementor-column elementor-col-33 elementor-top-column elementor-element elementor-element-f039815\" data-id=\"f039815\" data-element_type=\"column\">\n\t\t\t<div class=\"elementor-widget-wrap elementor-element-populated\">\n\t\t\t\t\t\t<div class=\"elementor-element elementor-element-ee42dec elementor-position-top elementor-widget elementor-widget-image-box\" data-id=\"ee42dec\" data-element_type=\"widget\" data-widget_type=\"image-box.default\">\n\t\t\t\t<div class=\"elementor-widget-container\">\n\t\t\t<div class=\"elementor-image-box-wrapper\"><figure class=\"elementor-image-box-img\"><img loading=\"lazy\" decoding=\"async\" width=\"70\" height=\"70\" src=\"https:\/\/jurisflow.com\/wp-content\/uploads\/2020\/10\/Group-382.png\" class=\"attachment-full size-full wp-image-312\" alt=\"\" \/><\/figure><div class=\"elementor-image-box-content\"><h3 class=\"elementor-image-box-title\">Movilidad<\/h3><p class=\"elementor-image-box-description\">Su despacho funcionando desde cualquier lugar\u200b<\/p><\/div><\/div>\t\t<\/div>\n\t\t\t\t<\/div>\n\t\t\t\t\t<\/div>\n\t\t<\/div>\n\t\t\t\t<div class=\"elementor-column elementor-col-33 elementor-top-column elementor-element elementor-element-a6a89d7\" data-id=\"a6a89d7\" data-element_type=\"column\">\n\t\t\t<div class=\"elementor-widget-wrap elementor-element-populated\">\n\t\t\t\t\t\t<div class=\"elementor-element elementor-element-db9adf2 elementor-position-top elementor-widget elementor-widget-image-box\" data-id=\"db9adf2\" data-element_type=\"widget\" data-widget_type=\"image-box.default\">\n\t\t\t\t<div class=\"elementor-widget-container\">\n\t\t\t<div class=\"elementor-image-box-wrapper\"><figure class=\"elementor-image-box-img\"><img loading=\"lazy\" decoding=\"async\" width=\"70\" height=\"70\" src=\"https:\/\/jurisflow.com\/wp-content\/uploads\/2020\/10\/Group-381.png\" class=\"attachment-full size-full wp-image-311\" alt=\"\" \/><\/figure><div class=\"elementor-image-box-content\"><h3 class=\"elementor-image-box-title\">Satisfacci\u00f3n<\/h3><p class=\"elementor-image-box-description\">Atenci\u00f3n al cliente personalizada y \u00e1gil\u200b<\/p><\/div><\/div>\t\t<\/div>\n\t\t\t\t<\/div>\n\t\t\t\t\t<\/div>\n\t\t<\/div>\n\t\t\t\t\t<\/div>\n\t\t<\/section>\n\t\t\t\t<section class=\"elementor-section elementor-top-section elementor-element elementor-element-1e09ad5 elementor-section-boxed elementor-section-height-default elementor-section-height-default\" data-id=\"1e09ad5\" data-element_type=\"section\">\n\t\t\t\t\t\t<div class=\"elementor-container elementor-column-gap-default\">\n\t\t\t\t\t<div class=\"elementor-column elementor-col-50 elementor-top-column elementor-element elementor-element-12c4a7e\" data-id=\"12c4a7e\" data-element_type=\"column\">\n\t\t\t<div class=\"elementor-widget-wrap elementor-element-populated\">\n\t\t\t\t\t\t<div class=\"elementor-element elementor-element-d9b4fef elementor-widget elementor-widget-image\" data-id=\"d9b4fef\" data-element_type=\"widget\" data-widget_type=\"image.default\">\n\t\t\t\t<div class=\"elementor-widget-container\">\n\t\t\t\t\t\t\t\t\t\t\t\t\t<img loading=\"lazy\" decoding=\"async\" width=\"459\" height=\"442\" src=\"https:\/\/jurisflow.com\/wp-content\/uploads\/2020\/10\/Grafico-Contratos-con-tercieros.png\" class=\"attachment-large size-large wp-image-323\" alt=\"\" srcset=\"https:\/\/jurisflow.com\/wp-content\/uploads\/2020\/10\/Grafico-Contratos-con-tercieros.png 459w, https:\/\/jurisflow.com\/wp-content\/uploads\/2020\/10\/Grafico-Contratos-con-tercieros-300x289.png 300w\" sizes=\"(max-width: 459px) 100vw, 459px\" \/>\t\t\t\t\t\t\t\t\t\t\t\t\t<\/div>\n\t\t\t\t<\/div>\n\t\t\t\t\t<\/div>\n\t\t<\/div>\n\t\t\t\t<div class=\"elementor-column elementor-col-50 elementor-top-column elementor-element elementor-element-d993be7\" data-id=\"d993be7\" data-element_type=\"column\">\n\t\t\t<div class=\"elementor-widget-wrap elementor-element-populated\">\n\t\t\t\t\t\t<div class=\"elementor-element elementor-element-875bba7 elementor-widget elementor-widget-text-editor\" data-id=\"875bba7\" data-element_type=\"widget\" data-widget_type=\"text-editor.default\">\n\t\t\t\t<div class=\"elementor-widget-container\">\n\t\t\t\t\t\t\t<p><span class=\"TextRun SCXP228855463 BCX9\" lang=\"ES-ES\" xml:lang=\"ES-ES\" data-usefontface=\"false\" data-contrast=\"none\"><span class=\"NormalTextRun SCXP228855463 BCX9\">Gesti\u00f3n eficiente de su despacho o\u00a0<\/span><\/span><span class=\"TextRun SCXP228855463 BCX9\" lang=\"ES-ES\" xml:lang=\"ES-ES\" data-usefontface=\"false\" data-contrast=\"none\"><span class=\"NormalTextRun SCXP228855463 BCX9\">despacho de abogados<\/span><\/span><\/p>\t\t\t\t\t\t<\/div>\n\t\t\t\t<\/div>\n\t\t\t\t<div class=\"elementor-element elementor-element-1b49508 elementor-align-left elementor-icon-list--layout-traditional elementor-list-item-link-full_width elementor-widget elementor-widget-icon-list\" data-id=\"1b49508\" data-element_type=\"widget\" data-widget_type=\"icon-list.default\">\n\t\t\t\t<div class=\"elementor-widget-container\">\n\t\t\t\t\t<ul class=\"elementor-icon-list-items\">\n\t\t\t\t\t\t\t<li class=\"elementor-icon-list-item\">\n\t\t\t\t\t\t\t\t\t\t\t<span class=\"elementor-icon-list-icon\">\n\t\t\t\t\t\t\t<i aria-hidden=\"true\" class=\"fas fa-circle\"><\/i>\t\t\t\t\t\t<\/span>\n\t\t\t\t\t\t\t\t\t\t<span class=\"elementor-icon-list-text\">Gesti\u00f3n de archivos internos y procesos legales (en organismos externos, por ejemplo, tribunales)<\/span>\n\t\t\t\t\t\t\t\t\t<\/li>\n\t\t\t\t\t\t\t\t<li class=\"elementor-icon-list-item\">\n\t\t\t\t\t\t\t\t\t\t\t<span class=\"elementor-icon-list-icon\">\n\t\t\t\t\t\t\t<i aria-hidden=\"true\" class=\"fas fa-circle\"><\/i>\t\t\t\t\t\t<\/span>\n\t\t\t\t\t\t\t\t\t\t<span class=\"elementor-icon-list-text\">Control de la cuenta corriente litigiosa<\/span>\n\t\t\t\t\t\t\t\t\t<\/li>\n\t\t\t\t\t\t\t\t<li class=\"elementor-icon-list-item\">\n\t\t\t\t\t\t\t\t\t\t\t<span class=\"elementor-icon-list-icon\">\n\t\t\t\t\t\t\t<i aria-hidden=\"true\" class=\"fas fa-circle\"><\/i>\t\t\t\t\t\t<\/span>\n\t\t\t\t\t\t\t\t\t\t<span class=\"elementor-icon-list-text\">Acceso a una agenda digital para controlar plazos y citas<\/span>\n\t\t\t\t\t\t\t\t\t<\/li>\n\t\t\t\t\t\t\t\t<li class=\"elementor-icon-list-item\">\n\t\t\t\t\t\t\t\t\t\t\t<span class=\"elementor-icon-list-icon\">\n\t\t\t\t\t\t\t<i aria-hidden=\"true\" class=\"fas fa-circle\"><\/i>\t\t\t\t\t\t<\/span>\n\t\t\t\t\t\t\t\t\t\t<span class=\"elementor-icon-list-text\">Gesti\u00f3n y control de rentabilidad de covenants<\/span>\n\t\t\t\t\t\t\t\t\t<\/li>\n\t\t\t\t\t\t\t\t<li class=\"elementor-icon-list-item\">\n\t\t\t\t\t\t\t\t\t\t\t<span class=\"elementor-icon-list-icon\">\n\t\t\t\t\t\t\t<i aria-hidden=\"true\" class=\"fas fa-circle\"><\/i>\t\t\t\t\t\t<\/span>\n\t\t\t\t\t\t\t\t\t\t<span class=\"elementor-icon-list-text\">Hojas de horas<\/span>\n\t\t\t\t\t\t\t\t\t<\/li>\n\t\t\t\t\t\t\t\t<li class=\"elementor-icon-list-item\">\n\t\t\t\t\t\t\t\t\t\t\t<span class=\"elementor-icon-list-icon\">\n\t\t\t\t\t\t\t<i aria-hidden=\"true\" class=\"fas fa-circle\"><\/i>\t\t\t\t\t\t<\/span>\n\t\t\t\t\t\t\t\t\t\t<span class=\"elementor-icon-list-text\">\u00c1rea de acceso reservada para su cliente (compartiendo documentos y estado de procesos)<\/span>\n\t\t\t\t\t\t\t\t\t<\/li>\n\t\t\t\t\t\t<\/ul>\n\t\t\t\t<\/div>\n\t\t\t\t<\/div>\n\t\t\t\t<div class=\"elementor-element elementor-element-4bd243a elementor-align-left elementor-widget elementor-widget-button\" data-id=\"4bd243a\" data-element_type=\"widget\" data-widget_type=\"button.default\">\n\t\t\t\t<div class=\"elementor-widget-container\">\n\t\t\t\t\t\t\t<div class=\"elementor-button-wrapper\">\n\t\t\t\t\t<a class=\"elementor-button elementor-button-link elementor-size-sm\" href=\"\/es\/solicite-demo\/\">\n\t\t\t\t\t\t<span class=\"elementor-button-content-wrapper\">\n\t\t\t\t\t\t\t\t\t<span class=\"elementor-button-text\">Solicite DEMO<\/span>\n\t\t\t\t\t<\/span>\n\t\t\t\t\t<\/a>\n\t\t\t\t<\/div>\n\t\t\t\t\t\t<\/div>\n\t\t\t\t<\/div>\n\t\t\t\t\t<\/div>\n\t\t<\/div>\n\t\t\t\t\t<\/div>\n\t\t<\/section>\n\t\t\t\t<\/div>\n\t\t","protected":false},"excerpt":{"rendered":"<p>JurisFlow\u00a0para Despacho de\u00a0Abogados El mejor software jur\u00eddico para despachos de abogados y aut\u00f3nomos\u200bToda la informaci\u00f3n en una \u00fanica plataforma\u200bDe forma intuitiva, puede acceder a un conjunto de informaci\u00f3n actualizada y relevante que le permite controlar archivos, demandas, plazos&#8230; y mucho m\u00e1s.\u200b Gesti\u00f3n Gesti\u00f3n jur\u00eddica completa \u200b Procesos Procesos actualizados diariamente\u200b Archivo Documentos y correos archivados [&hellip;]<\/p>\n","protected":false},"author":1,"featured_media":0,"parent":0,"menu_order":0,"comment_status":"closed","ping_status":"closed","template":"","meta":{"footnotes":""},"class_list":["post-582","page","type-page","status-publish","hentry"],"_links":{"self":[{"href":"https:\/\/jurisflow.com\/es\/wp-json\/wp\/v2\/pages\/582","targetHints":{"allow":["GET"]}}],"collection":[{"href":"https:\/\/jurisflow.com\/es\/wp-json\/wp\/v2\/pages"}],"about":[{"href":"https:\/\/jurisflow.com\/es\/wp-json\/wp\/v2\/types\/page"}],"author":[{"embeddable":true,"href":"https:\/\/jurisflow.com\/es\/wp-json\/wp\/v2\/users\/1"}],"replies":[{"embeddable":true,"href":"https:\/\/jurisflow.com\/es\/wp-json\/wp\/v2\/comments?post=582"}],"version-history":[{"count":5,"href":"https:\/\/jurisflow.com\/es\/wp-json\/wp\/v2\/pages\/582\/revisions"}],"predecessor-version":[{"id":1104,"href":"https:\/\/jurisflow.com\/es\/wp-json\/wp\/v2\/pages\/582\/revisions\/1104"}],"wp:attachment":[{"href":"https:\/\/jurisflow.com\/es\/wp-json\/wp\/v2\/media?parent=582"}],"curies":[{"name":"wp","href":"https:\/\/api.w.org\/{rel}","templated":true}]}}