{"id":569,"date":"2020-10-14T14:12:38","date_gmt":"2020-10-14T14:12:38","guid":{"rendered":"https:\/\/jurisflow.com\/functionalities\/"},"modified":"2020-11-11T11:09:16","modified_gmt":"2020-11-11T11:09:16","slug":"funcionalidades","status":"publish","type":"page","link":"https:\/\/jurisflow.com\/es\/funcionalidades\/","title":{"rendered":"Funcionalidades"},"content":{"rendered":"\t\t<div data-elementor-type=\"wp-page\" data-elementor-id=\"569\" class=\"elementor elementor-569 elementor-341\" data-elementor-post-type=\"page\">\n\t\t\t\t\t\t<section class=\"elementor-section elementor-top-section elementor-element elementor-element-7ff46bc elementor-section-boxed elementor-section-height-default elementor-section-height-default\" data-id=\"7ff46bc\" data-element_type=\"section\">\n\t\t\t\t\t\t<div class=\"elementor-container elementor-column-gap-default\">\n\t\t\t\t\t<div class=\"elementor-column elementor-col-100 elementor-top-column elementor-element elementor-element-4b2dfe6\" data-id=\"4b2dfe6\" data-element_type=\"column\">\n\t\t\t<div class=\"elementor-widget-wrap elementor-element-populated\">\n\t\t\t\t\t\t<div class=\"elementor-element elementor-element-3088400 line-left-bw elementor-widget elementor-widget-heading\" data-id=\"3088400\" data-element_type=\"widget\" data-widget_type=\"heading.default\">\n\t\t\t\t<div class=\"elementor-widget-container\">\n\t\t\t<h1 class=\"elementor-heading-title elementor-size-default\">Funcionalidades<\/h1>\t\t<\/div>\n\t\t\t\t<\/div>\n\t\t\t\t<div class=\"elementor-element elementor-element-6932a69 elementor-widget__width-initial elementor-widget elementor-widget-text-editor\" data-id=\"6932a69\" data-element_type=\"widget\" data-widget_type=\"text-editor.default\">\n\t\t\t\t<div class=\"elementor-widget-container\">\n\t\t\t\t\t\t\tDescubra todas las funciones \u00fatiles que le permitir\u00e1n administrar m\u00e1s f\u00e1cilmente.\t\t\t\t\t\t<\/div>\n\t\t\t\t<\/div>\n\t\t\t\t\t<\/div>\n\t\t<\/div>\n\t\t\t\t\t<\/div>\n\t\t<\/section>\n\t\t\t\t<section class=\"elementor-section elementor-top-section elementor-element elementor-element-a1b5f98 elementor-section-boxed elementor-section-height-default elementor-section-height-default\" data-id=\"a1b5f98\" data-element_type=\"section\">\n\t\t\t\t\t\t<div class=\"elementor-container elementor-column-gap-default\">\n\t\t\t\t\t<div class=\"elementor-column elementor-col-100 elementor-top-column elementor-element elementor-element-47db201\" data-id=\"47db201\" data-element_type=\"column\">\n\t\t\t<div class=\"elementor-widget-wrap elementor-element-populated\">\n\t\t\t\t\t\t<div class=\"elementor-element elementor-element-3fe78f5 elementor-tabs-view-vertical elementor-widget elementor-widget-tabs\" data-id=\"3fe78f5\" data-element_type=\"widget\" data-widget_type=\"tabs.default\">\n\t\t\t\t<div class=\"elementor-widget-container\">\n\t\t\t\t\t<div class=\"elementor-tabs\">\n\t\t\t<div class=\"elementor-tabs-wrapper\" role=\"tablist\" >\n\t\t\t\t\t\t\t\t\t<div id=\"elementor-tab-title-6701\" class=\"elementor-tab-title elementor-tab-desktop-title\" aria-selected=\"true\" data-tab=\"1\" role=\"tab\" tabindex=\"0\" aria-controls=\"elementor-tab-content-6701\" aria-expanded=\"false\">Gesti\u00f3n electr\u00f3nica de documentos\u200b<\/div>\n\t\t\t\t\t\t\t\t\t<div id=\"elementor-tab-title-6702\" class=\"elementor-tab-title elementor-tab-desktop-title\" aria-selected=\"false\" data-tab=\"2\" role=\"tab\" tabindex=\"-1\" aria-controls=\"elementor-tab-content-6702\" aria-expanded=\"false\">Gesti\u00f3n de procesos y Gesti\u00f3n de clientes\u200b<\/div>\n\t\t\t\t\t\t\t\t\t<div id=\"elementor-tab-title-6703\" class=\"elementor-tab-title elementor-tab-desktop-title\" aria-selected=\"false\" data-tab=\"3\" role=\"tab\" tabindex=\"-1\" aria-controls=\"elementor-tab-content-6703\" aria-expanded=\"false\">Gesti\u00f3n de Contractos\u200b<\/div>\n\t\t\t\t\t\t\t\t\t<div id=\"elementor-tab-title-6704\" class=\"elementor-tab-title elementor-tab-desktop-title\" aria-selected=\"false\" data-tab=\"4\" role=\"tab\" tabindex=\"-1\" aria-controls=\"elementor-tab-content-6704\" aria-expanded=\"false\">Agenda y plazos\u200b<\/div>\n\t\t\t\t\t\t\t\t\t<div id=\"elementor-tab-title-6705\" class=\"elementor-tab-title elementor-tab-desktop-title\" aria-selected=\"false\" data-tab=\"5\" role=\"tab\" tabindex=\"-1\" aria-controls=\"elementor-tab-content-6705\" aria-expanded=\"false\">Actividades (Timesheets) y Registro de costes\u200b<\/div>\n\t\t\t\t\t\t\t\t\t<div id=\"elementor-tab-title-6706\" class=\"elementor-tab-title elementor-tab-desktop-title\" aria-selected=\"false\" data-tab=\"6\" role=\"tab\" tabindex=\"-1\" aria-controls=\"elementor-tab-content-6706\" aria-expanded=\"false\">Indicadores e informes\u200b<\/div>\n\t\t\t\t\t\t\t\t\t<div id=\"elementor-tab-title-6707\" class=\"elementor-tab-title elementor-tab-desktop-title\" aria-selected=\"false\" data-tab=\"7\" role=\"tab\" tabindex=\"-1\" aria-controls=\"elementor-tab-content-6707\" aria-expanded=\"false\">Seguridad y RGPD\u200b<\/div>\n\t\t\t\t\t\t\t\t\t<div id=\"elementor-tab-title-6708\" class=\"elementor-tab-title elementor-tab-desktop-title\" aria-selected=\"false\" data-tab=\"8\" role=\"tab\" tabindex=\"-1\" aria-controls=\"elementor-tab-content-6708\" aria-expanded=\"false\">Integraci\u00f3n<\/div>\n\t\t\t\t\t\t\t\t\t<div id=\"elementor-tab-title-6709\" class=\"elementor-tab-title elementor-tab-desktop-title\" aria-selected=\"false\" data-tab=\"9\" role=\"tab\" tabindex=\"-1\" aria-controls=\"elementor-tab-content-6709\" aria-expanded=\"false\">Movilidad<\/div>\n\t\t\t\t\t\t\t\t\t<div id=\"elementor-tab-title-67010\" class=\"elementor-tab-title elementor-tab-desktop-title\" aria-selected=\"false\" data-tab=\"10\" role=\"tab\" tabindex=\"-1\" aria-controls=\"elementor-tab-content-67010\" aria-expanded=\"false\">\u00c1rea de clientes<\/div>\n\t\t\t\t\t\t\t\t\t<div id=\"elementor-tab-title-67011\" class=\"elementor-tab-title elementor-tab-desktop-title\" aria-selected=\"false\" data-tab=\"11\" role=\"tab\" tabindex=\"-1\" aria-controls=\"elementor-tab-content-67011\" aria-expanded=\"false\">Facturaci\u00f3n <\/div>\n\t\t\t\t\t\t\t\t\t<div id=\"elementor-tab-title-67012\" class=\"elementor-tab-title elementor-tab-desktop-title\" aria-selected=\"false\" data-tab=\"12\" role=\"tab\" tabindex=\"-1\" aria-controls=\"elementor-tab-content-67012\" aria-expanded=\"false\">Firma electr\u00f3nica\u200b<\/div>\n\t\t\t\t\t\t\t<\/div>\n\t\t\t<div class=\"elementor-tabs-content-wrapper\" role=\"tablist\" aria-orientation=\"vertical\">\n\t\t\t\t\t\t\t\t\t<div class=\"elementor-tab-title elementor-tab-mobile-title\" aria-selected=\"true\" data-tab=\"1\" role=\"tab\" tabindex=\"0\" aria-controls=\"elementor-tab-content-6701\" aria-expanded=\"false\">Gesti\u00f3n electr\u00f3nica de documentos\u200b<\/div>\n\t\t\t\t\t<div id=\"elementor-tab-content-6701\" class=\"elementor-tab-content elementor-clearfix\" data-tab=\"1\" role=\"tabpanel\" aria-labelledby=\"elementor-tab-title-6701\" tabindex=\"0\" hidden=\"false\"><h2>Gesti\u00f3n electr\u00f3nica de documentos<\/h2><p>Ordena y almacena documentos, permite el control de versiones, establece un nivel de privacidad y registro de accesos. Gestiona la biblioteca interna.<\/p><p>Permite ahorrar tiempo para dedicarlo a la actividad principal de servicio al cliente, aumentando as\u00ed la rentabilidad de su despacho.<\/p><\/div>\n\t\t\t\t\t\t\t\t\t<div class=\"elementor-tab-title elementor-tab-mobile-title\" aria-selected=\"false\" data-tab=\"2\" role=\"tab\" tabindex=\"-1\" aria-controls=\"elementor-tab-content-6702\" aria-expanded=\"false\">Gesti\u00f3n de procesos y Gesti\u00f3n de clientes\u200b<\/div>\n\t\t\t\t\t<div id=\"elementor-tab-content-6702\" class=\"elementor-tab-content elementor-clearfix\" data-tab=\"2\" role=\"tabpanel\" aria-labelledby=\"elementor-tab-title-6702\" tabindex=\"0\" hidden=\"hidden\"><h2>Gesti\u00f3n de procesos y Gesti\u00f3n de clientes<\/h2>\n<p>JurisFlow organiza, ordena y vincula toda la documentaci\u00f3n, participantes, citas, actividades, tareas, contactos, hojas de registro de tiempo, facturas y correos electr\u00f3nicos relativos a cada uno de los procesos de sus clientes. JurisFlow le da una visi\u00f3n 360\u00ba de sus procesos y clientes, con rapidez, agilidad i desde donde quiera.<\/p>\n<p>JurisFlow almacena autom\u00e1ticamente los mensajes de correo electr\u00f3nico intercambiados entre su despacho y cualquiera de sus clientes.<\/p>\n<p>Sincroniza de forma autom\u00e1tica los correos en las carpetas correspondientes, permitiendo tener un archivo actualizado de los correos por expediente y por cliente.<\/p><\/div>\n\t\t\t\t\t\t\t\t\t<div class=\"elementor-tab-title elementor-tab-mobile-title\" aria-selected=\"false\" data-tab=\"3\" role=\"tab\" tabindex=\"-1\" aria-controls=\"elementor-tab-content-6703\" aria-expanded=\"false\">Gesti\u00f3n de Contractos\u200b<\/div>\n\t\t\t\t\t<div id=\"elementor-tab-content-6703\" class=\"elementor-tab-content elementor-clearfix\" data-tab=\"3\" role=\"tabpanel\" aria-labelledby=\"elementor-tab-title-6703\" tabindex=\"0\" hidden=\"hidden\"><h2>Gesti\u00f3n de Contractos\u200b<\/h2><p><strong>Centraliza la Gesti\u00f3n de Contratos<\/strong>\u200b<br \/>Un archivo eficaz de todos los contratos existente<\/p><p>Se trate de contratos de trabajo o contratos de servicios, puede utilizar JurisFlow para gestionar eficazmente los contratos con terceros.<\/p><p>Este sistema le permite:\u200b<\/p><ul><li>Registrar y clasificar todos los contratos que haya celebrado con terceros<\/li><li>Ser advertido a su debido tiempo, para poder optar por la renovaci\u00f3n o no del contrato<\/li><li>Cuantificar el total de contratos de servicios celebrados con terceros para permitir elaborar estrategias de negociaci\u00f3n de precios a escala<\/li><\/ul><\/div>\n\t\t\t\t\t\t\t\t\t<div class=\"elementor-tab-title elementor-tab-mobile-title\" aria-selected=\"false\" data-tab=\"4\" role=\"tab\" tabindex=\"-1\" aria-controls=\"elementor-tab-content-6704\" aria-expanded=\"false\">Agenda y plazos\u200b<\/div>\n\t\t\t\t\t<div id=\"elementor-tab-content-6704\" class=\"elementor-tab-content elementor-clearfix\" data-tab=\"4\" role=\"tabpanel\" aria-labelledby=\"elementor-tab-title-6704\" tabindex=\"0\" hidden=\"hidden\"><h2>Agenda y plazos\u200b<\/h2><p><strong>La Agenda actualizada<\/strong>, de forma permanente, le permitir\u00e1 estar al corriente de sus citas, para cada uno de sus clientes y procesos, Jurisflow le permite trabajar con calendarios personales, grupales o de recursos. Acceso p\u00fablico o privado. Y con control de recordatorios y alertas. Gestione su tiempo con la m\u00e1xima eficacia.<\/p><p><strong>Tareas y plazos<\/strong><br \/>JurisFlow le permite la administraci\u00f3n de los planes de trabajo de su equipo y la gesti\u00f3n de las tareas recurrentes. Le permite supervisar todas las tareas con tiempo suficiente antes de la fecha en que han de estar terminadas. Se pueden asignar tareas a su equipo, controlando los pasos necesarios, el seguimiento de las mismas, reduciendo de forma dram\u00e1tica la posibilidad que se incumplan los plazos previstos. Gestionamos los vencimientos.\u00a0<\/p><\/div>\n\t\t\t\t\t\t\t\t\t<div class=\"elementor-tab-title elementor-tab-mobile-title\" aria-selected=\"false\" data-tab=\"5\" role=\"tab\" tabindex=\"-1\" aria-controls=\"elementor-tab-content-6705\" aria-expanded=\"false\">Actividades (Timesheets) y Registro de costes\u200b<\/div>\n\t\t\t\t\t<div id=\"elementor-tab-content-6705\" class=\"elementor-tab-content elementor-clearfix\" data-tab=\"5\" role=\"tabpanel\" aria-labelledby=\"elementor-tab-title-6705\" tabindex=\"0\" hidden=\"hidden\"><h2>Actividades (Timesheets) y Registro de costes<\/h2>\n<p>Registre la actividad diaria en el TimeSheet. Asigne tiempos a sus clientes, procesos y tareas. Puede poner en marcha el contador de tiempo para las gestiones con sus clientes.<br>\nJurisFlow le permite controlar todas las actividades administrativas a trav\u00e9s de un registro diario en el Timesheet de las actividades realizadas, as\u00ed como de los costes a imputar a los clientes.<\/p>\n<p>JurisFlow tambi\u00e9n implementa el concepto de Validaci\u00f3n de tiempos y costes. Esta funcionalidad prev\u00e9 que todos los valores han de ser debidamente analizados y encuadrados en una de las siguientes opciones:<\/p>\n<ol>\n<li>Ha de ser imputado a cliente, con lo cual aparecer\u00e1 en la minuta correspondiente.<\/li>\n<li>Ha de ser considerado incluido dentro de un acuerdo global con el cliente.<\/li>\n<li>No ha de imputarse; En este caso, se ha de identificar la raz\u00f3n.<\/li>\n<\/ol><\/div>\n\t\t\t\t\t\t\t\t\t<div class=\"elementor-tab-title elementor-tab-mobile-title\" aria-selected=\"false\" data-tab=\"6\" role=\"tab\" tabindex=\"-1\" aria-controls=\"elementor-tab-content-6706\" aria-expanded=\"false\">Indicadores e informes\u200b<\/div>\n\t\t\t\t\t<div id=\"elementor-tab-content-6706\" class=\"elementor-tab-content elementor-clearfix\" data-tab=\"6\" role=\"tabpanel\" aria-labelledby=\"elementor-tab-title-6706\" tabindex=\"0\" hidden=\"hidden\"><h2>Indicadores e informes<\/h2>\n<p>JurisFlow les permite el acceso a diferentes informes y permite la generaci\u00f3n de indicadores diferentes para cada usuario. Indicadores que son directamente extra\u00eddos de la informaci\u00f3n existente.<\/p>\n<p>Estos informes le permiten tener una visi\u00f3n clara y transparente tanto del rendimiento de su despacho, como de sus clientes, abogados y expedientes. Esta informaci\u00f3n le permitir\u00e1 tomar las decisiones correctas. Podr\u00e1 conocer la contribuci\u00f3n de cada uno de sus abogados, en concepto de horas facturables, tareas y actividades y los consecuentes beneficios para el despacho, pudiendo supervisar f\u00e1cilmente sus tareas y actividades.<\/p>\n<p>Mide la actividad de su despacho o departamento jur\u00eddico, usando KPI\u00b4s como pueden ser los siguientes:<\/p>\n<ul>\n<li>Rentabilidad de los abogados<\/li>\n<li>Rentabilidad del despacho<\/li>\n<li>Rentabilidad de los clientes<\/li>\n<\/ul>\n<p>JurisFlow le permite crear otros KPI`s que sus clientes crean necesario para su gesti\u00f3n.<\/p><\/div>\n\t\t\t\t\t\t\t\t\t<div class=\"elementor-tab-title elementor-tab-mobile-title\" aria-selected=\"false\" data-tab=\"7\" role=\"tab\" tabindex=\"-1\" aria-controls=\"elementor-tab-content-6707\" aria-expanded=\"false\">Seguridad y RGPD\u200b<\/div>\n\t\t\t\t\t<div id=\"elementor-tab-content-6707\" class=\"elementor-tab-content elementor-clearfix\" data-tab=\"7\" role=\"tabpanel\" aria-labelledby=\"elementor-tab-title-6707\" tabindex=\"0\" hidden=\"hidden\"><h2>Seguridad y RGPD<\/h2>\n<p>JurisFlow le permite cumplir el RGPD, salvaguardar su informaci\u00f3n y, proteger as\u00ed, la continuidad de su despacho.<\/p>\n<p>La seguridad y el cumplimiento del RGPD est\u00e1n garantizados con JurisFlow.<\/p>\n<p>Toda la informaci\u00f3n de su negocio relativa a sus clientes, procesos y al su despacho en general, queda almacenada en la nube de forma segura en nuestro Data Center, cumpliendo escrupulosamente todas las obligaciones respecto a la privacidad de la informaci\u00f3n.<\/p>\n<p>El administrador del despacho puede dar acceso a los procesos y a la documentaci\u00f3n en funci\u00f3n de la organizaci\u00f3n de su despacho, controlando los derechos de redacci\u00f3n y lectura y quien accede a los documentos.<\/p><\/div>\n\t\t\t\t\t\t\t\t\t<div class=\"elementor-tab-title elementor-tab-mobile-title\" aria-selected=\"false\" data-tab=\"8\" role=\"tab\" tabindex=\"-1\" aria-controls=\"elementor-tab-content-6708\" aria-expanded=\"false\">Integraci\u00f3n<\/div>\n\t\t\t\t\t<div id=\"elementor-tab-content-6708\" class=\"elementor-tab-content elementor-clearfix\" data-tab=\"8\" role=\"tabpanel\" aria-labelledby=\"elementor-tab-title-6708\" tabindex=\"0\" hidden=\"hidden\"><h2>Integraci\u00f3n<\/h2>\n<p>Ponemos a su disposici\u00f3n una API para que otros softwares puedan cambiar informaci\u00f3n con JurisFlow.<\/p>\n<p>A trav\u00e9s del modulo Conectflow es posible importar o exportar de y para cualquier formato*<\/p>\n<p><\/p>\n<p>*puede necessitar de desarrollos espec\u00edficos<\/p><\/div>\n\t\t\t\t\t\t\t\t\t<div class=\"elementor-tab-title elementor-tab-mobile-title\" aria-selected=\"false\" data-tab=\"9\" role=\"tab\" tabindex=\"-1\" aria-controls=\"elementor-tab-content-6709\" aria-expanded=\"false\">Movilidad<\/div>\n\t\t\t\t\t<div id=\"elementor-tab-content-6709\" class=\"elementor-tab-content elementor-clearfix\" data-tab=\"9\" role=\"tabpanel\" aria-labelledby=\"elementor-tab-title-6709\" tabindex=\"0\" hidden=\"hidden\"><h2>Movilidad<\/h2>\n<p>Trabaje desde sus dispositivos Android o iOS, desde donde quiera y cuando quiera, aumentando substancialmente su productividad.<\/p>\n<p>JurisFlow le ayuda a aumentar su productividad, permitiendo que los abogados del despacho trabajen en la nube desde sus dispositivos m\u00f3viles, tanto sea un port\u00e1til, una Tablet o un m\u00f3vil.<\/p>\n<p>Puede convertir el tiempo que pase fuera de su despacho, en horas facturables.<\/p>\n<p>All\u00e1 donde se encuentre, puede trabajar aprovechando al m\u00e1ximo su tiempo, sabiendo que todo lo que haga quedar\u00e1 actualizado en la nube y, que tanto sus abogados como usted, disfrutaran de la informaci\u00f3n actualizada.<\/p>\n<p>&nbsp;<\/p>\n<p>Podr\u00e1, tambi\u00e9n, actualizar el tiempo que invierta en sus clientes, actualizando las TIMESHEES para poder facturar las horas correspondientes sin a ver de estar en su despacho.<\/p><\/div>\n\t\t\t\t\t\t\t\t\t<div class=\"elementor-tab-title elementor-tab-mobile-title\" aria-selected=\"false\" data-tab=\"10\" role=\"tab\" tabindex=\"-1\" aria-controls=\"elementor-tab-content-67010\" aria-expanded=\"false\">\u00c1rea de clientes<\/div>\n\t\t\t\t\t<div id=\"elementor-tab-content-67010\" class=\"elementor-tab-content elementor-clearfix\" data-tab=\"10\" role=\"tabpanel\" aria-labelledby=\"elementor-tab-title-67010\" tabindex=\"0\" hidden=\"hidden\"><h2>\u00c1rea de clientes<\/h2>\n<p>JurisFlow ofrece esta nueva funcionalidad, como propuesta de valor para nuestros clientes, en la que los clientes de su despacho pueden enviar solicitudes, verificar el estado correspondiente de sus procesos, verificar el estado del contrato, enviar y ver documentos almacenados, y\/o cualquier otra actividad de acuerdo con el despacho. Compartir archivos, recibir las correspondientes actualizaciones en tiempo real, cometarios a los documentos, haciendo la relaci\u00f3n con sus clientes, segura, r\u00e1pida i eficiente.<\/p>\n<p>Aumente la productividad de su despacho, reduciendo el n\u00famero de llamadas y correos de sus clientes para conocer el estado de sus expedientes, pudi\u00e9ndolo hacer a trav\u00e9s de este portal del cliente.<\/p>\n<p>Esta facilidad de relaci\u00f3n con sus clientes, le vinculan de forma directa con el despacho.<\/p><\/div>\n\t\t\t\t\t\t\t\t\t<div class=\"elementor-tab-title elementor-tab-mobile-title\" aria-selected=\"false\" data-tab=\"11\" role=\"tab\" tabindex=\"-1\" aria-controls=\"elementor-tab-content-67011\" aria-expanded=\"false\">Facturaci\u00f3n <\/div>\n\t\t\t\t\t<div id=\"elementor-tab-content-67011\" class=\"elementor-tab-content elementor-clearfix\" data-tab=\"11\" role=\"tabpanel\" aria-labelledby=\"elementor-tab-title-67011\" tabindex=\"0\" hidden=\"hidden\"><h2>Facturaci\u00f3n&nbsp;<\/h2>\n<p>JurisFlow le permite facturar por horas de abogado, horas de grupo de abogados, horas de bufete o por actividad y servicios. Sea cual fuera la forma que vaya utilizando su despacho, JurisFlow se adapta perfectamente.<\/p>\n<p>JurisFlow le permite acceder a toda la informaci\u00f3n necesaria para analizar este proceso, tanto las horas, como las actividades, servicios y la facturaci\u00f3n<\/p>\n<p>El control de todo este proceso es b\u00e1sico para su despacho. Que ninguna actividad o servicio quede sin facturar. Puede facturar diferentes expedientes, diferentes procesos, abogados o actividades. Jurisflow le facilita este proceso, aumentando, as\u00ed, la productividad de su despacho<\/p><\/div>\n\t\t\t\t\t\t\t\t\t<div class=\"elementor-tab-title elementor-tab-mobile-title\" aria-selected=\"false\" data-tab=\"12\" role=\"tab\" tabindex=\"-1\" aria-controls=\"elementor-tab-content-67012\" aria-expanded=\"false\">Firma electr\u00f3nica\u200b<\/div>\n\t\t\t\t\t<div id=\"elementor-tab-content-67012\" class=\"elementor-tab-content elementor-clearfix\" data-tab=\"12\" role=\"tabpanel\" aria-labelledby=\"elementor-tab-title-67012\" tabindex=\"0\" hidden=\"hidden\"><h2>Firma electr\u00f3nica<\/h2>\n<p>JurisFlow le permite enviar&nbsp; PDF con su firma electr\u00f3nica incorporada. Facilitamos as\u00ed, su trabajo, lo digitalizamos, aumentando la productividad de su despacho.<\/p><\/div>\n\t\t\t\t\t\t\t<\/div>\n\t\t<\/div>\n\t\t\t\t<\/div>\n\t\t\t\t<\/div>\n\t\t\t\t\t<\/div>\n\t\t<\/div>\n\t\t\t\t\t<\/div>\n\t\t<\/section>\n\t\t\t\t<\/div>\n\t\t","protected":false},"excerpt":{"rendered":"<p>Funcionalidades Descubra todas las funciones \u00fatiles que le permitir\u00e1n administrar m\u00e1s f\u00e1cilmente. Gesti\u00f3n electr\u00f3nica de documentos\u200b Gesti\u00f3n de procesos y Gesti\u00f3n de clientes\u200b Gesti\u00f3n de Contractos\u200b Agenda y plazos\u200b Actividades (Timesheets) y Registro de costes\u200b Indicadores e informes\u200b Seguridad y RGPD\u200b Integraci\u00f3n Movilidad \u00c1rea de clientes Facturaci\u00f3n Firma electr\u00f3nica\u200b Gesti\u00f3n electr\u00f3nica de documentos\u200b Gesti\u00f3n electr\u00f3nica [&hellip;]<\/p>\n","protected":false},"author":1,"featured_media":0,"parent":0,"menu_order":0,"comment_status":"closed","ping_status":"closed","template":"","meta":{"footnotes":""},"class_list":["post-569","page","type-page","status-publish","hentry"],"_links":{"self":[{"href":"https:\/\/jurisflow.com\/es\/wp-json\/wp\/v2\/pages\/569","targetHints":{"allow":["GET"]}}],"collection":[{"href":"https:\/\/jurisflow.com\/es\/wp-json\/wp\/v2\/pages"}],"about":[{"href":"https:\/\/jurisflow.com\/es\/wp-json\/wp\/v2\/types\/page"}],"author":[{"embeddable":true,"href":"https:\/\/jurisflow.com\/es\/wp-json\/wp\/v2\/users\/1"}],"replies":[{"embeddable":true,"href":"https:\/\/jurisflow.com\/es\/wp-json\/wp\/v2\/comments?post=569"}],"version-history":[{"count":5,"href":"https:\/\/jurisflow.com\/es\/wp-json\/wp\/v2\/pages\/569\/revisions"}],"predecessor-version":[{"id":1298,"href":"https:\/\/jurisflow.com\/es\/wp-json\/wp\/v2\/pages\/569\/revisions\/1298"}],"wp:attachment":[{"href":"https:\/\/jurisflow.com\/es\/wp-json\/wp\/v2\/media?parent=569"}],"curies":[{"name":"wp","href":"https:\/\/api.w.org\/{rel}","templated":true}]}}