{"id":563,"date":"2020-10-12T09:56:45","date_gmt":"2020-10-12T09:56:45","guid":{"rendered":"https:\/\/jurisflow.com\/discover-jurisflow\/"},"modified":"2020-11-06T16:10:16","modified_gmt":"2020-11-06T16:10:16","slug":"descubrir-jurisflow","status":"publish","type":"page","link":"https:\/\/jurisflow.com\/es\/descubrir-jurisflow\/","title":{"rendered":"Descubrir JurisFlow\u200b"},"content":{"rendered":"\t\t<div data-elementor-type=\"wp-page\" data-elementor-id=\"563\" class=\"elementor elementor-563 elementor-244\" data-elementor-post-type=\"page\">\n\t\t\t\t\t\t<section class=\"elementor-section elementor-top-section elementor-element elementor-element-1daeb09 elementor-section-boxed elementor-section-height-default elementor-section-height-default\" data-id=\"1daeb09\" data-element_type=\"section\">\n\t\t\t\t\t\t<div class=\"elementor-container elementor-column-gap-default\">\n\t\t\t\t\t<div class=\"elementor-column elementor-col-50 elementor-top-column elementor-element elementor-element-6f3d269\" data-id=\"6f3d269\" data-element_type=\"column\">\n\t\t\t<div class=\"elementor-widget-wrap elementor-element-populated\">\n\t\t\t\t\t\t<div class=\"elementor-element elementor-element-5cece3f line-left-bw elementor-widget elementor-widget-heading\" data-id=\"5cece3f\" data-element_type=\"widget\" data-widget_type=\"heading.default\">\n\t\t\t\t<div class=\"elementor-widget-container\">\n\t\t\t<h1 class=\"elementor-heading-title elementor-size-default\">Descubra JurisFlow<\/h1>\t\t<\/div>\n\t\t\t\t<\/div>\n\t\t\t\t<div class=\"elementor-element elementor-element-1fd6c67 elementor-widget elementor-widget-text-editor\" data-id=\"1fd6c67\" data-element_type=\"widget\" data-widget_type=\"text-editor.default\">\n\t\t\t\t<div class=\"elementor-widget-container\">\n\t\t\t\t\t\t\tUna plataforma dise\u00f1ada para optimizar la gesti\u00f3n de la informaci\u00f3n en despachos de abogados o departamentos jur\u00eddicos de las organizaciones.\t\t\t\t\t\t<\/div>\n\t\t\t\t<\/div>\n\t\t\t\t<div class=\"elementor-element elementor-element-336f571 elementor-widget elementor-widget-text-editor\" data-id=\"336f571\" data-element_type=\"widget\" data-widget_type=\"text-editor.default\">\n\t\t\t\t<div class=\"elementor-widget-container\">\n\t\t\t\t\t\t\t\u00bfQu\u00e9 es JurisFlow?\t\t\t\t\t\t<\/div>\n\t\t\t\t<\/div>\n\t\t\t\t<div class=\"elementor-element elementor-element-c91ccf3 elementor-widget elementor-widget-text-editor\" data-id=\"c91ccf3\" data-element_type=\"widget\" data-widget_type=\"text-editor.default\">\n\t\t\t\t<div class=\"elementor-widget-container\">\n\t\t\t\t\t\t\tEs el software localizado en la nube, con m\u00e1s capacidad para compartir datos de forma segura y eficiente, para ser una herramienta colaborativa y multi idioma, por sus apps para dispositivos m\u00f3viles, su nivel de integraci\u00f3n con Microsoft y la incorporaci\u00f3n de soluciones digitales destinadas a aumentar la productividad, la rentabilidad y la seguridad de su despacho.\t\t\t\t\t\t<\/div>\n\t\t\t\t<\/div>\n\t\t\t\t<div class=\"elementor-element elementor-element-0bf4152 elementor-widget elementor-widget-text-editor\" data-id=\"0bf4152\" data-element_type=\"widget\" data-widget_type=\"text-editor.default\">\n\t\t\t\t<div class=\"elementor-widget-container\">\n\t\t\t\t\t\t\t\u00bfPor qu\u00e9 utilizar JurisFlow?\t\t\t\t\t\t<\/div>\n\t\t\t\t<\/div>\n\t\t\t\t<div class=\"elementor-element elementor-element-81aed58 elementor-widget elementor-widget-text-editor\" data-id=\"81aed58\" data-element_type=\"widget\" data-widget_type=\"text-editor.default\">\n\t\t\t\t<div class=\"elementor-widget-container\">\n\t\t\t\t\t\t\tJurisflow es una herramienta desarrollada pensando en la modernizaci\u00f3n digital de los despachos de abogados en un entorno legal y social cambiante, como hemos visto con el Covid-19. Se trata de una herramienta intuitiva, f\u00e1cil de instalar, que integra toda la informaci\u00f3n de su despacho, automatiza sus procesos, generalmente burocr\u00e1ticos y, permite a los abogados dedicarse al 100% a su tarea principal, dando una visi\u00f3n de absoluta modernidad, profesionalidad y eficiencia.\t\t\t\t\t\t<\/div>\n\t\t\t\t<\/div>\n\t\t\t\t\t<\/div>\n\t\t<\/div>\n\t\t\t\t<div class=\"elementor-column elementor-col-50 elementor-top-column elementor-element elementor-element-ee5c624\" data-id=\"ee5c624\" data-element_type=\"column\" data-settings=\"{&quot;background_background&quot;:&quot;classic&quot;}\">\n\t\t\t<div class=\"elementor-widget-wrap elementor-element-populated\">\n\t\t\t\t\t\t<div class=\"elementor-element elementor-element-743d602 elementor-widget elementor-widget-image\" data-id=\"743d602\" data-element_type=\"widget\" data-widget_type=\"image.default\">\n\t\t\t\t<div class=\"elementor-widget-container\">\n\t\t\t\t\t\t\t\t\t\t\t\t\t<img fetchpriority=\"high\" decoding=\"async\" width=\"503\" height=\"700\" src=\"https:\/\/jurisflow.com\/wp-content\/uploads\/2020\/10\/04.png\" class=\"attachment-large size-large wp-image-564\" alt=\"\" srcset=\"https:\/\/jurisflow.com\/wp-content\/uploads\/2020\/10\/04.png 503w, https:\/\/jurisflow.com\/wp-content\/uploads\/2020\/10\/04-216x300.png 216w\" sizes=\"(max-width: 503px) 100vw, 503px\" \/>\t\t\t\t\t\t\t\t\t\t\t\t\t<\/div>\n\t\t\t\t<\/div>\n\t\t\t\t\t<\/div>\n\t\t<\/div>\n\t\t\t\t\t<\/div>\n\t\t<\/section>\n\t\t\t\t<section class=\"elementor-section elementor-top-section elementor-element elementor-element-2f74e93 elementor-section-boxed elementor-section-height-default elementor-section-height-default\" data-id=\"2f74e93\" data-element_type=\"section\">\n\t\t\t\t\t\t<div class=\"elementor-container elementor-column-gap-default\">\n\t\t\t\t\t<div class=\"elementor-column elementor-col-100 elementor-top-column elementor-element elementor-element-55f4c83\" data-id=\"55f4c83\" data-element_type=\"column\">\n\t\t\t<div class=\"elementor-widget-wrap elementor-element-populated\">\n\t\t\t\t\t\t<div class=\"elementor-element elementor-element-0cb26a3 elementor-icon-list--layout-inline elementor-align-center elementor-mobile-align-left elementor-list-item-link-full_width elementor-widget elementor-widget-icon-list\" data-id=\"0cb26a3\" data-element_type=\"widget\" data-widget_type=\"icon-list.default\">\n\t\t\t\t<div class=\"elementor-widget-container\">\n\t\t\t\t\t<ul class=\"elementor-icon-list-items elementor-inline-items\">\n\t\t\t\t\t\t\t<li class=\"elementor-icon-list-item elementor-inline-item\">\n\t\t\t\t\t\t\t\t\t\t\t<span class=\"elementor-icon-list-icon\">\n\t\t\t\t\t\t\t<svg xmlns=\"http:\/\/www.w3.org\/2000\/svg\" width=\"60\" height=\"60\" viewBox=\"0 0 60 60\"><defs><style>.a{fill:#0eb1e2;}.b{fill:none;}<\/style><\/defs><g transform=\"translate(-391 -1043)\"><g transform=\"translate(7.78 568.482)\"><path class=\"a\" d=\"M420.758,498.743l-9.686,9.479-5.374-5.048a1,1,0,1,0-1.369,1.457l6.073,5.7a1,1,0,0,0,1.384-.014l10.371-10.148a1,1,0,1,0-1.4-1.43Z\"><\/path><path class=\"a\" d=\"M413.235,483.518a21.014,21.014,0,1,0,21.015,21.014A21.038,21.038,0,0,0,413.235,483.518Zm0,40.029a19.014,19.014,0,1,1,19.015-19.015A19.037,19.037,0,0,1,413.235,523.547Z\"><\/path><\/g><rect class=\"b\" width=\"60\" height=\"60\" transform=\"translate(391 1043)\"><\/rect><\/g><\/svg>\t\t\t\t\t\t<\/span>\n\t\t\t\t\t\t\t\t\t\t<span class=\"elementor-icon-list-text\">Intuitivo y sencillo<\/span>\n\t\t\t\t\t\t\t\t\t<\/li>\n\t\t\t\t\t\t\t\t<li class=\"elementor-icon-list-item elementor-inline-item\">\n\t\t\t\t\t\t\t\t\t\t\t<span class=\"elementor-icon-list-icon\">\n\t\t\t\t\t\t\t<svg xmlns=\"http:\/\/www.w3.org\/2000\/svg\" width=\"60\" height=\"60\" viewBox=\"0 0 60 60\"><defs><style>.a{fill:#0eb1e2;}.b{fill:none;}<\/style><\/defs><g transform=\"translate(-715 -1043)\"><g transform=\"translate(456.739 566.747)\"><path class=\"a\" d=\"M310.762,495.241H292.371v-9.422a3.57,3.57,0,0,0-3.566-3.566H264.827a3.57,3.57,0,0,0-3.566,3.566V509.8a3.57,3.57,0,0,0,3.566,3.565h19.05v7.674a4.365,4.365,0,0,0,4.36,4.361h2.27V529.3a1,1,0,0,0,1.589.807l6.458-4.712h12.208a4.365,4.365,0,0,0,4.361-4.361V499.6A4.365,4.365,0,0,0,310.762,495.241Zm-45.935,16.121a1.568,1.568,0,0,1-1.566-1.565V485.819a1.568,1.568,0,0,1,1.566-1.566H288.8a1.568,1.568,0,0,1,1.566,1.566v9.422h-2.134a4.365,4.365,0,0,0-4.36,4.361v6.316a15.107,15.107,0,0,1-6.289-3.69,16.045,16.045,0,0,0,4.642-8.832h3.676a1,1,0,0,0,0-2H277.34v-2.632a1,1,0,0,0-2,0V491.4h-8.568a1,1,0,0,0,0,2H280.2a14.19,14.19,0,0,1-4.036,7.439,32.409,32.409,0,0,1-3.343-4.136,1,1,0,0,0-1.683,1.081,32.991,32.991,0,0,0,3.525,4.393,23.183,23.183,0,0,1-7.654,3.969,1,1,0,0,0,.248,1.968.963.963,0,0,0,.248-.031,25.345,25.345,0,0,0,8.584-4.5,16.816,16.816,0,0,0,7.789,4.37v3.412Zm48.3,9.674a2.363,2.363,0,0,1-2.361,2.361H298.228a1,1,0,0,0-.59.193l-5.131,3.744V524.4a1,1,0,0,0-1-1h-3.27a2.363,2.363,0,0,1-2.36-2.361V499.6a2.363,2.363,0,0,1,2.36-2.361h22.525a2.363,2.363,0,0,1,2.361,2.361Z\"><\/path><path class=\"a\" d=\"M298.715,503.119l-5.478,14.346h1.95l1.351-3.754h6.01l1.37,3.754h1.94l-5.488-14.346Zm-1.606,9.045,2.434-6.71,2.443,6.71Z\"><\/path><\/g><rect class=\"b\" width=\"60\" height=\"60\" transform=\"translate(715 1043)\"><\/rect><\/g><\/svg>\t\t\t\t\t\t<\/span>\n\t\t\t\t\t\t\t\t\t\t<span class=\"elementor-icon-list-text\">Multiidioma<\/span>\n\t\t\t\t\t\t\t\t\t<\/li>\n\t\t\t\t\t\t\t\t<li class=\"elementor-icon-list-item elementor-inline-item\">\n\t\t\t\t\t\t\t\t\t\t\t<span class=\"elementor-icon-list-icon\">\n\t\t\t\t\t\t\t<svg xmlns=\"http:\/\/www.w3.org\/2000\/svg\" width=\"60\" height=\"60\" viewBox=\"0 0 60 60\"><defs><style>.a{fill:#0eb1e2;}.b{fill:none;}<\/style><\/defs><g transform=\"translate(-985 -1043)\"><path class=\"a\" d=\"M548.918,518.382a7.967,7.967,0,0,0-2.167-1.487,6.113,6.113,0,0,0,.235-10.162c0-.1.007-.189.007-.285A16.652,16.652,0,0,0,523.1,491.411a6.126,6.126,0,1,0-9.346,4.225,7.935,7.935,0,0,0-2.166,1.487c-2,1.936-3.02,4.89-3.02,8.779a1,1,0,0,0,1,1h4.06a16.656,16.656,0,0,0,22.046,15.343,15.959,15.959,0,0,0-.7,4.917,1,1,0,0,0,1,1h14.963a1,1,0,0,0,1-1C551.937,523.271,550.922,520.317,548.918,518.382Zm-5.462-2.517a4.13,4.13,0,1,1,4.13-4.13A4.134,4.134,0,0,1,543.456,515.865Zm-26.407-29.518a4.119,4.119,0,0,1,2.992,6.96c-.288.223-.579.441-.852.684a4.087,4.087,0,0,1-2.14.615,4.13,4.13,0,1,1,0-8.259Zm-4.1,12.238a5.738,5.738,0,0,1,8.193,0c1.419,1.386,2.21,3.508,2.36,6.317H510.592C510.742,502.093,511.533,499.971,512.952,498.585Zm23.881,21.029A14.688,14.688,0,0,1,515.627,506.9h8.9a1,1,0,0,0,1-1c0-3.889-1.016-6.843-3.02-8.779a7.971,7.971,0,0,0-2.152-1.481c.014-.012.025-.025.039-.037a6.233,6.233,0,0,0,1.039-.856A14.658,14.658,0,0,1,544.96,505.8a6.121,6.121,0,0,0-4.8,11.093,7.977,7.977,0,0,0-2.164,1.488,8.351,8.351,0,0,0-1,1.188A.936.936,0,0,0,536.833,519.614Zm.167,6.548c.149-2.809.94-4.932,2.359-6.318a5.74,5.74,0,0,1,8.193,0c1.419,1.386,2.21,3.509,2.36,6.318Z\" transform=\"translate(484.433 566.653)\"><\/path><rect class=\"b\" width=\"60\" height=\"60\" transform=\"translate(985 1043)\"><\/rect><\/g><\/svg>\t\t\t\t\t\t<\/span>\n\t\t\t\t\t\t\t\t\t\t<span class=\"elementor-icon-list-text\">Herramienta colaborativa<\/span>\n\t\t\t\t\t\t\t\t\t<\/li>\n\t\t\t\t\t\t\t\t<li class=\"elementor-icon-list-item elementor-inline-item\">\n\t\t\t\t\t\t\t\t\t\t\t<span class=\"elementor-icon-list-icon\">\n\t\t\t\t\t\t\t<svg xmlns=\"http:\/\/www.w3.org\/2000\/svg\" width=\"70\" height=\"70\" viewBox=\"0 0 70 70\"><defs><style>.a{fill:#0eb1e2;}.b{fill:none;}<\/style><\/defs><g transform=\"translate(-925 -1298)\"><g transform=\"translate(533.087 947.891)\"><path class=\"a\" d=\"M447.314,370.238a1,1,0,0,0-.586-.716l-19.444-8.333a1,1,0,0,0-.787,0l-19.445,8.333a1,1,0,0,0-.586.716c-.059.287-5.648,28.834,20.045,39.352a1.008,1.008,0,0,0,.758,0C452.964,399.072,447.374,370.525,447.314,370.238ZM426.89,407.581c-22.19-9.357-19.216-32.588-18.558-36.432L426.89,363.2l18.559,7.953C446.107,374.993,449.082,398.224,426.89,407.581Z\"><\/path><path class=\"a\" d=\"M434.561,378.727l-9.685,9.478-5.375-5.048a1,1,0,0,0-1.369,1.457l6.074,5.7a.99.99,0,0,0,.684.272,1,1,0,0,0,.7-.285l10.37-10.149a1,1,0,0,0-1.4-1.429Z\"><\/path><\/g><rect class=\"b\" width=\"70\" height=\"70\" transform=\"translate(925 1298)\"><\/rect><\/g><\/svg>\t\t\t\t\t\t<\/span>\n\t\t\t\t\t\t\t\t\t\t<span class=\"elementor-icon-list-text\">Seguridad<\/span>\n\t\t\t\t\t\t\t\t\t<\/li>\n\t\t\t\t\t\t<\/ul>\n\t\t\t\t<\/div>\n\t\t\t\t<\/div>\n\t\t\t\t\t<\/div>\n\t\t<\/div>\n\t\t\t\t\t<\/div>\n\t\t<\/section>\n\t\t\t\t<section class=\"elementor-section elementor-top-section elementor-element elementor-element-2d646ae elementor-section-full_width elementor-section-height-default elementor-section-height-default\" data-id=\"2d646ae\" data-element_type=\"section\">\n\t\t\t\t\t\t<div class=\"elementor-container elementor-column-gap-default\">\n\t\t\t\t\t<div class=\"elementor-column elementor-col-50 elementor-top-column elementor-element elementor-element-f7210e1\" data-id=\"f7210e1\" data-element_type=\"column\">\n\t\t\t<div class=\"elementor-widget-wrap elementor-element-populated\">\n\t\t\t\t\t\t<section class=\"elementor-section elementor-inner-section elementor-element elementor-element-c1d86b9 elementor-section-height-min-height elementor-section-boxed elementor-section-height-default\" data-id=\"c1d86b9\" data-element_type=\"section\" data-settings=\"{&quot;background_background&quot;:&quot;classic&quot;}\">\n\t\t\t\t\t\t\t<div class=\"elementor-background-overlay\"><\/div>\n\t\t\t\t\t\t\t<div class=\"elementor-container elementor-column-gap-default\">\n\t\t\t\t\t<div class=\"elementor-column elementor-col-100 elementor-inner-column elementor-element elementor-element-adb0bae\" data-id=\"adb0bae\" data-element_type=\"column\">\n\t\t\t<div class=\"elementor-widget-wrap elementor-element-populated\">\n\t\t\t\t\t\t<div class=\"elementor-element elementor-element-cbb58e6 elementor-widget elementor-widget-heading\" data-id=\"cbb58e6\" data-element_type=\"widget\" data-widget_type=\"heading.default\">\n\t\t\t\t<div class=\"elementor-widget-container\">\n\t\t\t<h2 class=\"elementor-heading-title elementor-size-default\">Jurisflow para<\/h2>\t\t<\/div>\n\t\t\t\t<\/div>\n\t\t\t\t<div class=\"elementor-element elementor-element-059445a elementor-widget elementor-widget-heading\" data-id=\"059445a\" data-element_type=\"widget\" data-widget_type=\"heading.default\">\n\t\t\t\t<div class=\"elementor-widget-container\">\n\t\t\t<h1 class=\"elementor-heading-title elementor-size-default\">Despacho de Abogados<\/h1>\t\t<\/div>\n\t\t\t\t<\/div>\n\t\t\t\t<div class=\"elementor-element elementor-element-8a924a8 elementor-align-center elementor-widget elementor-widget-button\" data-id=\"8a924a8\" data-element_type=\"widget\" data-widget_type=\"button.default\">\n\t\t\t\t<div class=\"elementor-widget-container\">\n\t\t\t\t\t\t\t<div class=\"elementor-button-wrapper\">\n\t\t\t\t\t<a class=\"elementor-button elementor-button-link elementor-size-sm\" href=\"\/es\/despacho-de-abogados\/\">\n\t\t\t\t\t\t<span class=\"elementor-button-content-wrapper\">\n\t\t\t\t\t\t<span class=\"elementor-button-icon\">\n\t\t\t\t<svg xmlns=\"http:\/\/www.w3.org\/2000\/svg\" width=\"9.693\" height=\"17.972\" viewBox=\"0 0 9.693 17.972\"><defs><style>      .cls-1 {        fill: none;        stroke: #fff;      }    <\/style><\/defs><path id=\"Path_232\" data-name=\"Path 232\" class=\"cls-1\" d=\"M2474.5,1643.012l8.632,8.633-8.632,8.633\" transform=\"translate(-2474.146 -1642.658)\"><\/path><\/svg>\t\t\t<\/span>\n\t\t\t\t\t\t\t\t<\/span>\n\t\t\t\t\t<\/a>\n\t\t\t\t<\/div>\n\t\t\t\t\t\t<\/div>\n\t\t\t\t<\/div>\n\t\t\t\t\t<\/div>\n\t\t<\/div>\n\t\t\t\t\t<\/div>\n\t\t<\/section>\n\t\t\t\t\t<\/div>\n\t\t<\/div>\n\t\t\t\t<div class=\"elementor-column elementor-col-50 elementor-top-column elementor-element elementor-element-56e8541\" data-id=\"56e8541\" data-element_type=\"column\">\n\t\t\t<div class=\"elementor-widget-wrap elementor-element-populated\">\n\t\t\t\t\t\t<section class=\"elementor-section elementor-inner-section elementor-element elementor-element-ba15d6f elementor-section-height-min-height elementor-section-boxed elementor-section-height-default\" data-id=\"ba15d6f\" data-element_type=\"section\" data-settings=\"{&quot;background_background&quot;:&quot;classic&quot;}\">\n\t\t\t\t\t\t\t<div class=\"elementor-background-overlay\"><\/div>\n\t\t\t\t\t\t\t<div class=\"elementor-container elementor-column-gap-default\">\n\t\t\t\t\t<div class=\"elementor-column elementor-col-100 elementor-inner-column elementor-element elementor-element-37e00a7\" data-id=\"37e00a7\" data-element_type=\"column\">\n\t\t\t<div class=\"elementor-widget-wrap elementor-element-populated\">\n\t\t\t\t\t\t<div class=\"elementor-element elementor-element-01ee4b1 elementor-widget elementor-widget-heading\" data-id=\"01ee4b1\" data-element_type=\"widget\" data-widget_type=\"heading.default\">\n\t\t\t\t<div class=\"elementor-widget-container\">\n\t\t\t<h2 class=\"elementor-heading-title elementor-size-default\">Jurisflow para<\/h2>\t\t<\/div>\n\t\t\t\t<\/div>\n\t\t\t\t<div class=\"elementor-element elementor-element-73aecc8 elementor-widget elementor-widget-heading\" data-id=\"73aecc8\" data-element_type=\"widget\" data-widget_type=\"heading.default\">\n\t\t\t\t<div class=\"elementor-widget-container\">\n\t\t\t<h1 class=\"elementor-heading-title elementor-size-default\">Departamento Jur\u00eddico\u200b<\/h1>\t\t<\/div>\n\t\t\t\t<\/div>\n\t\t\t\t<div class=\"elementor-element elementor-element-d50e8b4 elementor-align-center elementor-widget elementor-widget-button\" data-id=\"d50e8b4\" data-element_type=\"widget\" data-widget_type=\"button.default\">\n\t\t\t\t<div class=\"elementor-widget-container\">\n\t\t\t\t\t\t\t<div class=\"elementor-button-wrapper\">\n\t\t\t\t\t<a class=\"elementor-button elementor-button-link elementor-size-sm\" href=\"\/es\/departamento-juridico\/\">\n\t\t\t\t\t\t<span class=\"elementor-button-content-wrapper\">\n\t\t\t\t\t\t<span class=\"elementor-button-icon\">\n\t\t\t\t<svg xmlns=\"http:\/\/www.w3.org\/2000\/svg\" width=\"9.693\" height=\"17.972\" viewBox=\"0 0 9.693 17.972\"><defs><style>      .cls-1 {        fill: none;        stroke: #fff;      }    <\/style><\/defs><path id=\"Path_232\" data-name=\"Path 232\" class=\"cls-1\" d=\"M2474.5,1643.012l8.632,8.633-8.632,8.633\" transform=\"translate(-2474.146 -1642.658)\"><\/path><\/svg>\t\t\t<\/span>\n\t\t\t\t\t\t\t\t<\/span>\n\t\t\t\t\t<\/a>\n\t\t\t\t<\/div>\n\t\t\t\t\t\t<\/div>\n\t\t\t\t<\/div>\n\t\t\t\t\t<\/div>\n\t\t<\/div>\n\t\t\t\t\t<\/div>\n\t\t<\/section>\n\t\t\t\t\t<\/div>\n\t\t<\/div>\n\t\t\t\t\t<\/div>\n\t\t<\/section>\n\t\t\t\t<\/div>\n\t\t","protected":false},"excerpt":{"rendered":"<p>Descubra JurisFlow Una plataforma dise\u00f1ada para optimizar la gesti\u00f3n de la informaci\u00f3n en despachos de abogados o departamentos jur\u00eddicos de las organizaciones.\u00bfQu\u00e9 es JurisFlow?Es el software localizado en la nube, con m\u00e1s capacidad para compartir datos de forma segura y eficiente, para ser una herramienta colaborativa y multi idioma, por sus apps para dispositivos m\u00f3viles, [&hellip;]<\/p>\n","protected":false},"author":1,"featured_media":0,"parent":0,"menu_order":0,"comment_status":"closed","ping_status":"closed","template":"","meta":{"footnotes":""},"class_list":["post-563","page","type-page","status-publish","hentry"],"_links":{"self":[{"href":"https:\/\/jurisflow.com\/es\/wp-json\/wp\/v2\/pages\/563","targetHints":{"allow":["GET"]}}],"collection":[{"href":"https:\/\/jurisflow.com\/es\/wp-json\/wp\/v2\/pages"}],"about":[{"href":"https:\/\/jurisflow.com\/es\/wp-json\/wp\/v2\/types\/page"}],"author":[{"embeddable":true,"href":"https:\/\/jurisflow.com\/es\/wp-json\/wp\/v2\/users\/1"}],"replies":[{"embeddable":true,"href":"https:\/\/jurisflow.com\/es\/wp-json\/wp\/v2\/comments?post=563"}],"version-history":[{"count":5,"href":"https:\/\/jurisflow.com\/es\/wp-json\/wp\/v2\/pages\/563\/revisions"}],"predecessor-version":[{"id":1101,"href":"https:\/\/jurisflow.com\/es\/wp-json\/wp\/v2\/pages\/563\/revisions\/1101"}],"wp:attachment":[{"href":"https:\/\/jurisflow.com\/es\/wp-json\/wp\/v2\/media?parent=563"}],"curies":[{"name":"wp","href":"https:\/\/api.w.org\/{rel}","templated":true}]}}