{"id":1415,"date":"2024-12-11T10:15:17","date_gmt":"2024-12-11T10:15:17","guid":{"rendered":"https:\/\/jurisflow.com\/resolucao-de-litigios\/"},"modified":"2024-12-11T10:31:07","modified_gmt":"2024-12-11T10:31:07","slug":"resolucion-de-disputas","status":"publish","type":"page","link":"https:\/\/jurisflow.com\/es\/resolucion-de-disputas\/","title":{"rendered":"Resoluci\u00f3n de disputas"},"content":{"rendered":"\t\t<div data-elementor-type=\"wp-page\" data-elementor-id=\"1415\" class=\"elementor elementor-1415 elementor-1409\" data-elementor-post-type=\"page\">\n\t\t\t\t\t\t<section class=\"elementor-section elementor-top-section elementor-element elementor-element-3821ce3 elementor-section-boxed elementor-section-height-default elementor-section-height-default\" data-id=\"3821ce3\" data-element_type=\"section\">\n\t\t\t\t\t\t<div class=\"elementor-container elementor-column-gap-default\">\n\t\t\t\t\t<div class=\"elementor-column elementor-col-100 elementor-top-column elementor-element elementor-element-cc4cbd9\" data-id=\"cc4cbd9\" data-element_type=\"column\">\n\t\t\t<div class=\"elementor-widget-wrap elementor-element-populated\">\n\t\t\t\t\t\t<div class=\"elementor-element elementor-element-7354d50 line-left-bw elementor-widget elementor-widget-heading\" data-id=\"7354d50\" data-element_type=\"widget\" data-widget_type=\"heading.default\">\n\t\t\t\t<div class=\"elementor-widget-container\">\n\t\t\t<h2 class=\"elementor-heading-title elementor-size-default\">Resoluci\u00f3n de disputas<\/h2>\t\t<\/div>\n\t\t\t\t<\/div>\n\t\t\t\t\t<\/div>\n\t\t<\/div>\n\t\t\t\t\t<\/div>\n\t\t<\/section>\n\t\t\t\t<section class=\"elementor-section elementor-top-section elementor-element elementor-element-3474681 elementor-section-boxed elementor-section-height-default elementor-section-height-default\" data-id=\"3474681\" data-element_type=\"section\">\n\t\t\t\t\t\t<div class=\"elementor-container elementor-column-gap-default\">\n\t\t\t\t\t<div class=\"elementor-column elementor-col-100 elementor-top-column elementor-element elementor-element-286217f\" data-id=\"286217f\" data-element_type=\"column\">\n\t\t\t<div class=\"elementor-widget-wrap elementor-element-populated\">\n\t\t\t\t\t\t<div class=\"elementor-element elementor-element-3152665 elementor-widget elementor-widget-text-editor\" data-id=\"3152665\" data-element_type=\"widget\" data-widget_type=\"text-editor.default\">\n\t\t\t\t<div class=\"elementor-widget-container\">\n\t\t\t\t\t\t\tEn caso de disputa, el consumidor puede recurrir a una entidad de Resoluci\u00f3n Alternativa de Disputas del Consumidor (RAL). Las entidades de Resoluci\u00f3n Alternativa de Controversias de Consumo (RAL) son entidades autorizadas para realizar mediaci\u00f3n, conciliaci\u00f3n y arbitraje de litigios de consumo en Portugal que est\u00e1n registradas en la lista de entidades RAL prevista por la Ley n\u00ba 144\/2015. Si desea presentar una reclamaci\u00f3n, acceda a este sitio web: <a class=\"waffle-rich-text-link\" href=\"https:\/\/www.cniacc.pt\/pt\/\" target=\"_blank\" rel=\"noopener \" >https:\/\/www.cniacc.pt\/pt\/<\/a>\t\t\t\t\t\t<\/div>\n\t\t\t\t<\/div>\n\t\t\t\t\t<\/div>\n\t\t<\/div>\n\t\t\t\t\t<\/div>\n\t\t<\/section>\n\t\t\t\t<\/div>\n\t\t","protected":false},"excerpt":{"rendered":"<p>En caso de disputa, el consumidor puede recurrir a una entidad de Resoluci\u00f3n Alternativa de Disputas del Consumidor (RAL). Las entidades de Resoluci\u00f3n Alternativa de Controversias de Consumo (RAL) son entidades autorizadas para realizar mediaci\u00f3n, conciliaci\u00f3n y arbitraje de litigios de consumo en Portugal que est\u00e1n registradas en la lista de entidades RAL prevista por [&hellip;]<\/p>\n","protected":false},"author":1,"featured_media":0,"parent":0,"menu_order":0,"comment_status":"closed","ping_status":"closed","template":"","meta":{"footnotes":""},"class_list":["post-1415","page","type-page","status-publish","hentry"],"_links":{"self":[{"href":"https:\/\/jurisflow.com\/es\/wp-json\/wp\/v2\/pages\/1415","targetHints":{"allow":["GET"]}}],"collection":[{"href":"https:\/\/jurisflow.com\/es\/wp-json\/wp\/v2\/pages"}],"about":[{"href":"https:\/\/jurisflow.com\/es\/wp-json\/wp\/v2\/types\/page"}],"author":[{"embeddable":true,"href":"https:\/\/jurisflow.com\/es\/wp-json\/wp\/v2\/users\/1"}],"replies":[{"embeddable":true,"href":"https:\/\/jurisflow.com\/es\/wp-json\/wp\/v2\/comments?post=1415"}],"version-history":[{"count":7,"href":"https:\/\/jurisflow.com\/es\/wp-json\/wp\/v2\/pages\/1415\/revisions"}],"predecessor-version":[{"id":1434,"href":"https:\/\/jurisflow.com\/es\/wp-json\/wp\/v2\/pages\/1415\/revisions\/1434"}],"wp:attachment":[{"href":"https:\/\/jurisflow.com\/es\/wp-json\/wp\/v2\/media?parent=1415"}],"curies":[{"name":"wp","href":"https:\/\/api.w.org\/{rel}","templated":true}]}}