{"id":889,"date":"2020-10-21T15:46:40","date_gmt":"2020-10-21T15:46:40","guid":{"rendered":"https:\/\/jurisflow.com\/?page_id=889"},"modified":"2020-10-27T10:38:22","modified_gmt":"2020-10-27T10:38:22","slug":"avis-legal","status":"publish","type":"page","link":"https:\/\/jurisflow.com\/ca\/avis-legal\/","title":{"rendered":"Av\u00eds legal"},"content":{"rendered":"\t\t<div data-elementor-type=\"wp-page\" data-elementor-id=\"889\" class=\"elementor elementor-889 elementor-885\" data-elementor-post-type=\"page\">\n\t\t\t\t\t\t<section class=\"elementor-section elementor-top-section elementor-element elementor-element-08db115 elementor-section-boxed elementor-section-height-default elementor-section-height-default\" data-id=\"08db115\" data-element_type=\"section\">\n\t\t\t\t\t\t<div class=\"elementor-container elementor-column-gap-default\">\n\t\t\t\t\t<div class=\"elementor-column elementor-col-100 elementor-top-column elementor-element elementor-element-08a1ac5\" data-id=\"08a1ac5\" data-element_type=\"column\">\n\t\t\t<div class=\"elementor-widget-wrap elementor-element-populated\">\n\t\t\t\t\t\t<div class=\"elementor-element elementor-element-d14389a line-left-bw elementor-widget elementor-widget-heading\" data-id=\"d14389a\" data-element_type=\"widget\" data-widget_type=\"heading.default\">\n\t\t\t\t<div class=\"elementor-widget-container\">\n\t\t\t<h2 class=\"elementor-heading-title elementor-size-default\">Av\u00eds legal<\/h2>\t\t<\/div>\n\t\t\t\t<\/div>\n\t\t\t\t\t<\/div>\n\t\t<\/div>\n\t\t\t\t\t<\/div>\n\t\t<\/section>\n\t\t\t\t<section class=\"elementor-section elementor-top-section elementor-element elementor-element-68d8dfe elementor-section-boxed elementor-section-height-default elementor-section-height-default\" data-id=\"68d8dfe\" data-element_type=\"section\">\n\t\t\t\t\t\t<div class=\"elementor-container elementor-column-gap-default\">\n\t\t\t\t\t<div class=\"elementor-column elementor-col-100 elementor-top-column elementor-element elementor-element-805bad4\" data-id=\"805bad4\" data-element_type=\"column\">\n\t\t\t<div class=\"elementor-widget-wrap elementor-element-populated\">\n\t\t\t\t\t\t<div class=\"elementor-element elementor-element-3ade7ba elementor-widget elementor-widget-text-editor\" data-id=\"3ade7ba\" data-element_type=\"widget\" data-widget_type=\"text-editor.default\">\n\t\t\t\t<div class=\"elementor-widget-container\">\n\t\t\t\t\t\t\t<p>PONTUAL pot modificar, afegir o eliminar en qualsevol moment qualsevol de les Condicions d\u2019\u00fas d\u2019aquest lloc web. Per tant, es recomana al visitant que consulti aquesta informaci\u00f3 regularment.<\/p>\t\t\t\t\t\t<\/div>\n\t\t\t\t<\/div>\n\t\t\t\t\t<\/div>\n\t\t<\/div>\n\t\t\t\t\t<\/div>\n\t\t<\/section>\n\t\t\t\t<section class=\"elementor-section elementor-top-section elementor-element elementor-element-19b7d50 elementor-section-boxed elementor-section-height-default elementor-section-height-default\" data-id=\"19b7d50\" data-element_type=\"section\">\n\t\t\t\t\t\t<div class=\"elementor-container elementor-column-gap-default\">\n\t\t\t\t\t<div class=\"elementor-column elementor-col-100 elementor-top-column elementor-element elementor-element-5d386bc\" data-id=\"5d386bc\" data-element_type=\"column\">\n\t\t\t<div class=\"elementor-widget-wrap elementor-element-populated\">\n\t\t\t\t\t\t<div class=\"elementor-element elementor-element-a003b7c elementor-widget elementor-widget-heading\" data-id=\"a003b7c\" data-element_type=\"widget\" data-widget_type=\"heading.default\">\n\t\t\t\t<div class=\"elementor-widget-container\">\n\t\t\t<h3 class=\"elementor-heading-title elementor-size-default\">2. ACCEPTACI\u00d3 DE LES CONDICIONS D'\u00daS<\/h3>\t\t<\/div>\n\t\t\t\t<\/div>\n\t\t\t\t<div class=\"elementor-element elementor-element-d9180c4 elementor-widget elementor-widget-text-editor\" data-id=\"d9180c4\" data-element_type=\"widget\" data-widget_type=\"text-editor.default\">\n\t\t\t\t<div class=\"elementor-widget-container\">\n\t\t\t\t\t\t\tEn accedir a aquest lloc web, el visitant declara haver llegit, ent\u00e8s i acceptat les Condicions d\u2019\u00fas que es descriuen a continuaci\u00f3, sense necessitat de cap acte o consentiment posterior.\t\t\t\t\t\t<\/div>\n\t\t\t\t<\/div>\n\t\t\t\t\t<\/div>\n\t\t<\/div>\n\t\t\t\t\t<\/div>\n\t\t<\/section>\n\t\t\t\t<section class=\"elementor-section elementor-top-section elementor-element elementor-element-2bb3b0b elementor-section-boxed elementor-section-height-default elementor-section-height-default\" data-id=\"2bb3b0b\" data-element_type=\"section\">\n\t\t\t\t\t\t<div class=\"elementor-container elementor-column-gap-default\">\n\t\t\t\t\t<div class=\"elementor-column elementor-col-100 elementor-top-column elementor-element elementor-element-547a47a\" data-id=\"547a47a\" data-element_type=\"column\">\n\t\t\t<div class=\"elementor-widget-wrap elementor-element-populated\">\n\t\t\t\t\t\t<div class=\"elementor-element elementor-element-5dea884 elementor-widget elementor-widget-heading\" data-id=\"5dea884\" data-element_type=\"widget\" data-widget_type=\"heading.default\">\n\t\t\t\t<div class=\"elementor-widget-container\">\n\t\t\t<h3 class=\"elementor-heading-title elementor-size-default\">3. DRETS D'AUTOR<\/h3>\t\t<\/div>\n\t\t\t\t<\/div>\n\t\t\t\t<div class=\"elementor-element elementor-element-6ca4acc elementor-widget elementor-widget-text-editor\" data-id=\"6ca4acc\" data-element_type=\"widget\" data-widget_type=\"text-editor.default\">\n\t\t\t\t<div class=\"elementor-widget-container\">\n\t\t\t\t\t\t\t<p>Els textos, imatges, v\u00eddeos, animacions i tota la informaci\u00f3, juntament amb la forma en qu\u00e8 es representen gr\u00e0ficament al lloc web, aix\u00ed com el disseny i l\u2019estructura del lloc web (materials i informaci\u00f3), estan subjectes al copyright de PONTUAL.<\/p><p>PONTUAL no concedeix al visitant llic\u00e8ncia ni drets de propietat sobre els materials i la informaci\u00f3, de manera que no t\u00e9 dret a reproduir-los amb cap altre prop\u00f2sit que no sigui per a \u00fas personal.<\/p><p>Ni aquest lloc web ni parts d\u2019ell es poden copiar, distribuir, modificar o col\u00b7locar en altres llocs web, sense l\u2019autoritzaci\u00f3 pr\u00e8via i per escrit de PONTUAL.<\/p>\t\t\t\t\t\t<\/div>\n\t\t\t\t<\/div>\n\t\t\t\t\t<\/div>\n\t\t<\/div>\n\t\t\t\t\t<\/div>\n\t\t<\/section>\n\t\t\t\t<section class=\"elementor-section elementor-top-section elementor-element elementor-element-366f34a elementor-section-boxed elementor-section-height-default elementor-section-height-default\" data-id=\"366f34a\" data-element_type=\"section\">\n\t\t\t\t\t\t<div class=\"elementor-container elementor-column-gap-default\">\n\t\t\t\t\t<div class=\"elementor-column elementor-col-100 elementor-top-column elementor-element elementor-element-ccc4b9e\" data-id=\"ccc4b9e\" data-element_type=\"column\">\n\t\t\t<div class=\"elementor-widget-wrap elementor-element-populated\">\n\t\t\t\t\t\t<div class=\"elementor-element elementor-element-90b256d elementor-widget elementor-widget-heading\" data-id=\"90b256d\" data-element_type=\"widget\" data-widget_type=\"heading.default\">\n\t\t\t\t<div class=\"elementor-widget-container\">\n\t\t\t<h3 class=\"elementor-heading-title elementor-size-default\">4. ENLLA\u00c7OS A P\u00c0GINES DE TERCERS<\/h3>\t\t<\/div>\n\t\t\t\t<\/div>\n\t\t\t\t<div class=\"elementor-element elementor-element-1e18368 elementor-widget elementor-widget-text-editor\" data-id=\"1e18368\" data-element_type=\"widget\" data-widget_type=\"text-editor.default\">\n\t\t\t\t<div class=\"elementor-widget-container\">\n\t\t\t\t\t\t\t<p>PONTUAL pot proporcionar enlla\u00e7os a p\u00e0gines de tercers al seu lloc web. Aquests llocs no s\u00f3n propietat ni s\u00f3n operats ni controlats per PONTUAL i, per aquest motiu, PONTUAL no es fa responsable del seu contingut. L\u2019\u00fas d\u2019aquests enlla\u00e7os \u00e9s responsabilitat exclusiva del visitant.~<\/p><p>PONTUAL proporciona la informaci\u00f3 d\u2019aquest lloc web tal com \u00e9s, en el m\u00e0xim perm\u00eds per a la legislaci\u00f3 aplicable, i proporciona cap tipus de garantia de sentit, expressa o impl\u00edcita. Com crec que la informaci\u00f3 \u00e9s correcta, fins i tot pot incloure errors o inexactituds.<\/p><p>SPECIFIC no representa cap garantia de que continu\u00efn les funcions o aplicacions d\u2019aquest lloc web, que no seran errors. ESPECIAL en el garant que el servidor d&#8217;E \/ S i el web no contindran cap altre component. ESPEC\u00cdFIC en el garant que els materials d\u2019aquest lloc web s\u00f3n adequats per als prop\u00f2sits d\u2019altres llocs. Est\u00e0 prohibit utilitzar materials d\u2019un territori en ocasions il\u00b7legals.<\/p>\t\t\t\t\t\t<\/div>\n\t\t\t\t<\/div>\n\t\t\t\t\t<\/div>\n\t\t<\/div>\n\t\t\t\t\t<\/div>\n\t\t<\/section>\n\t\t\t\t<section class=\"elementor-section elementor-top-section elementor-element elementor-element-c2ba5ab elementor-section-boxed elementor-section-height-default elementor-section-height-default\" data-id=\"c2ba5ab\" data-element_type=\"section\">\n\t\t\t\t\t\t<div class=\"elementor-container elementor-column-gap-default\">\n\t\t\t\t\t<div class=\"elementor-column elementor-col-100 elementor-top-column elementor-element elementor-element-5b6ff63\" data-id=\"5b6ff63\" data-element_type=\"column\">\n\t\t\t<div class=\"elementor-widget-wrap elementor-element-populated\">\n\t\t\t\t\t\t<div class=\"elementor-element elementor-element-62742df elementor-widget elementor-widget-heading\" data-id=\"62742df\" data-element_type=\"widget\" data-widget_type=\"heading.default\">\n\t\t\t\t<div class=\"elementor-widget-container\">\n\t\t\t<h3 class=\"elementor-heading-title elementor-size-default\">6. ABANDONAMENT<\/h3>\t\t<\/div>\n\t\t\t\t<\/div>\n\t\t\t\t<div class=\"elementor-element elementor-element-41b726f elementor-widget elementor-widget-text-editor\" data-id=\"41b726f\" data-element_type=\"widget\" data-widget_type=\"text-editor.default\">\n\t\t\t\t<div class=\"elementor-widget-container\">\n\t\t\t\t\t\t\t<p>SPOT POT interromp la web en qualsevol moment i el sentit anticipa avisos.<\/p>\t\t\t\t\t\t<\/div>\n\t\t\t\t<\/div>\n\t\t\t\t\t<\/div>\n\t\t<\/div>\n\t\t\t\t\t<\/div>\n\t\t<\/section>\n\t\t\t\t<section class=\"elementor-section elementor-top-section elementor-element elementor-element-55303e2 elementor-section-boxed elementor-section-height-default elementor-section-height-default\" data-id=\"55303e2\" data-element_type=\"section\">\n\t\t\t\t\t\t<div class=\"elementor-container elementor-column-gap-default\">\n\t\t\t\t\t<div class=\"elementor-column elementor-col-100 elementor-top-column elementor-element elementor-element-dd150d7\" data-id=\"dd150d7\" data-element_type=\"column\">\n\t\t\t<div class=\"elementor-widget-wrap elementor-element-populated\">\n\t\t\t\t\t\t<div class=\"elementor-element elementor-element-d0ebd2b elementor-widget elementor-widget-heading\" data-id=\"d0ebd2b\" data-element_type=\"widget\" data-widget_type=\"heading.default\">\n\t\t\t\t<div class=\"elementor-widget-container\">\n\t\t\t<h3 class=\"elementor-heading-title elementor-size-default\">7. EXENCI\u00d3 RESPONSABILITAT<\/h3>\t\t<\/div>\n\t\t\t\t<\/div>\n\t\t\t\t<div class=\"elementor-element elementor-element-f016c9f elementor-widget elementor-widget-text-editor\" data-id=\"f016c9f\" data-element_type=\"widget\" data-widget_type=\"text-editor.default\">\n\t\t\t\t<div class=\"elementor-widget-container\">\n\t\t\t\t\t\t\t<p>Puntualment declina qualsevol responsabilitat pels errors que puguin produir la causa d\u2019errors del sistema (temporals o permanents) al web, aplicacions o altres. En el cas que sigui possible segons la legislaci\u00f3 aplicable, SPECIFIC no ser\u00e0 responsable dels danys derivats de la impossibilitat d\u2019utilitzar el lloc web.<\/p>\t\t\t\t\t\t<\/div>\n\t\t\t\t<\/div>\n\t\t\t\t\t<\/div>\n\t\t<\/div>\n\t\t\t\t\t<\/div>\n\t\t<\/section>\n\t\t\t\t<\/div>\n\t\t","protected":false},"excerpt":{"rendered":"<p>Av\u00eds legal PONTUAL pot modificar, afegir o eliminar en qualsevol moment qualsevol de les Condicions d\u2019\u00fas d\u2019aquest lloc web. Per tant, es recomana al visitant que consulti aquesta informaci\u00f3 regularment. 2. ACCEPTACI\u00d3 DE LES CONDICIONS D&#8217;\u00daS En accedir a aquest lloc web, el visitant declara haver llegit, ent\u00e8s i acceptat les Condicions d\u2019\u00fas que es [&hellip;]<\/p>\n","protected":false},"author":1,"featured_media":0,"parent":0,"menu_order":0,"comment_status":"closed","ping_status":"closed","template":"","meta":{"footnotes":""},"class_list":["post-889","page","type-page","status-publish","hentry"],"_links":{"self":[{"href":"https:\/\/jurisflow.com\/ca\/wp-json\/wp\/v2\/pages\/889","targetHints":{"allow":["GET"]}}],"collection":[{"href":"https:\/\/jurisflow.com\/ca\/wp-json\/wp\/v2\/pages"}],"about":[{"href":"https:\/\/jurisflow.com\/ca\/wp-json\/wp\/v2\/types\/page"}],"author":[{"embeddable":true,"href":"https:\/\/jurisflow.com\/ca\/wp-json\/wp\/v2\/users\/1"}],"replies":[{"embeddable":true,"href":"https:\/\/jurisflow.com\/ca\/wp-json\/wp\/v2\/comments?post=889"}],"version-history":[{"count":3,"href":"https:\/\/jurisflow.com\/ca\/wp-json\/wp\/v2\/pages\/889\/revisions"}],"predecessor-version":[{"id":994,"href":"https:\/\/jurisflow.com\/ca\/wp-json\/wp\/v2\/pages\/889\/revisions\/994"}],"wp:attachment":[{"href":"https:\/\/jurisflow.com\/ca\/wp-json\/wp\/v2\/media?parent=889"}],"curies":[{"name":"wp","href":"https:\/\/api.w.org\/{rel}","templated":true}]}}