{"id":596,"date":"2020-10-16T11:13:04","date_gmt":"2020-10-16T11:13:04","guid":{"rendered":"https:\/\/jurisflow.com\/privacy-policy\/"},"modified":"2020-10-27T10:14:03","modified_gmt":"2020-10-27T10:14:03","slug":"politica-de-privacitat","status":"publish","type":"page","link":"https:\/\/jurisflow.com\/ca\/politica-de-privacitat\/","title":{"rendered":"Pol\u00edtica de Privacitat"},"content":{"rendered":"\t\t<div data-elementor-type=\"wp-page\" data-elementor-id=\"596\" class=\"elementor elementor-596 elementor-514\" data-elementor-post-type=\"page\">\n\t\t\t\t\t\t<section class=\"elementor-section elementor-top-section elementor-element elementor-element-5c382ef elementor-section-boxed elementor-section-height-default elementor-section-height-default\" data-id=\"5c382ef\" data-element_type=\"section\">\n\t\t\t\t\t\t<div class=\"elementor-container elementor-column-gap-default\">\n\t\t\t\t\t<div class=\"elementor-column elementor-col-100 elementor-top-column elementor-element elementor-element-566c71d\" data-id=\"566c71d\" data-element_type=\"column\">\n\t\t\t<div class=\"elementor-widget-wrap elementor-element-populated\">\n\t\t\t\t\t\t<div class=\"elementor-element elementor-element-dfe073e line-left-bw elementor-widget elementor-widget-heading\" data-id=\"dfe073e\" data-element_type=\"widget\" data-widget_type=\"heading.default\">\n\t\t\t\t<div class=\"elementor-widget-container\">\n\t\t\t<h2 class=\"elementor-heading-title elementor-size-default\">Pol\u00edtica de Privacitat<\/h2>\t\t<\/div>\n\t\t\t\t<\/div>\n\t\t\t\t\t<\/div>\n\t\t<\/div>\n\t\t\t\t\t<\/div>\n\t\t<\/section>\n\t\t\t\t<section class=\"elementor-section elementor-top-section elementor-element elementor-element-03a1aeb elementor-section-boxed elementor-section-height-default elementor-section-height-default\" data-id=\"03a1aeb\" data-element_type=\"section\">\n\t\t\t\t\t\t<div class=\"elementor-container elementor-column-gap-default\">\n\t\t\t\t\t<div class=\"elementor-column elementor-col-100 elementor-top-column elementor-element elementor-element-38317e2\" data-id=\"38317e2\" data-element_type=\"column\">\n\t\t\t<div class=\"elementor-widget-wrap elementor-element-populated\">\n\t\t\t\t\t\t<div class=\"elementor-element elementor-element-9b50574 elementor-widget elementor-widget-text-editor\" data-id=\"9b50574\" data-element_type=\"widget\" data-widget_type=\"text-editor.default\">\n\t\t\t\t<div class=\"elementor-widget-container\">\n\t\t\t\t\t\t\t<p>PONTUAL \u00e9s responsable d`aquest lloc web. La present pol\u00edtica de privacitat abasta aquest lloc web, aix\u00ed com altres llocs que mencionen aquesta pol\u00edtica. La privacitat de l`usuari \u00e9s important per a PONTUAL.<\/p><p>PONTUAL es compromet a respectar la privacitat del visitant i a processar les seves dades personals de forma curosa i confidencial, d`acord a les lleis aplicables. Les dades no es processaran per a altres finalitats de les especificades aqu\u00ed.<\/p><p>PONTUAL es reserva el dret d`actualitzar o modificar la seva Pol\u00edtica de Privacitat en qualsevol moment, en particular, per adaptar-la als canvis legislatius. S`aconsella al visitant, comprovar regularment aquesta informaci\u00f3.<\/p>\t\t\t\t\t\t<\/div>\n\t\t\t\t<\/div>\n\t\t\t\t\t<\/div>\n\t\t<\/div>\n\t\t\t\t\t<\/div>\n\t\t<\/section>\n\t\t\t\t<section class=\"elementor-section elementor-top-section elementor-element elementor-element-d8d1983 elementor-section-boxed elementor-section-height-default elementor-section-height-default\" data-id=\"d8d1983\" data-element_type=\"section\">\n\t\t\t\t\t\t<div class=\"elementor-container elementor-column-gap-default\">\n\t\t\t\t\t<div class=\"elementor-column elementor-col-100 elementor-top-column elementor-element elementor-element-dfc398f\" data-id=\"dfc398f\" data-element_type=\"column\">\n\t\t\t<div class=\"elementor-widget-wrap elementor-element-populated\">\n\t\t\t\t\t\t<div class=\"elementor-element elementor-element-0623920 elementor-widget elementor-widget-heading\" data-id=\"0623920\" data-element_type=\"widget\" data-widget_type=\"heading.default\">\n\t\t\t\t<div class=\"elementor-widget-container\">\n\t\t\t<h3 class=\"elementor-heading-title elementor-size-default\">2. CONSENTIMENT<\/h3>\t\t<\/div>\n\t\t\t\t<\/div>\n\t\t\t\t<div class=\"elementor-element elementor-element-cc1f2a2 elementor-widget elementor-widget-text-editor\" data-id=\"cc1f2a2\" data-element_type=\"widget\" data-widget_type=\"text-editor.default\">\n\t\t\t\t<div class=\"elementor-widget-container\">\n\t\t\t\t\t\t\t<p>A l`utilitzar aquest lloc web, el visitant est\u00e0 donant el seu consentiment per a la recollida i utilitzaci\u00f3 de la informaci\u00f3.<\/p><p>PONTUAL pot modificar, agregar o eliminar qualsevol pol\u00edtica de privacitat d`aquest lloc web a trav\u00e9s de l`actualitzaci\u00f3 del contingut d`aquesta p\u00e0gina.<\/p>\t\t\t\t\t\t<\/div>\n\t\t\t\t<\/div>\n\t\t\t\t\t<\/div>\n\t\t<\/div>\n\t\t\t\t\t<\/div>\n\t\t<\/section>\n\t\t\t\t<section class=\"elementor-section elementor-top-section elementor-element elementor-element-1bff5d0 elementor-section-boxed elementor-section-height-default elementor-section-height-default\" data-id=\"1bff5d0\" data-element_type=\"section\">\n\t\t\t\t\t\t<div class=\"elementor-container elementor-column-gap-default\">\n\t\t\t\t\t<div class=\"elementor-column elementor-col-100 elementor-top-column elementor-element elementor-element-0a0600b\" data-id=\"0a0600b\" data-element_type=\"column\">\n\t\t\t<div class=\"elementor-widget-wrap elementor-element-populated\">\n\t\t\t\t\t\t<div class=\"elementor-element elementor-element-b019234 elementor-widget elementor-widget-heading\" data-id=\"b019234\" data-element_type=\"widget\" data-widget_type=\"heading.default\">\n\t\t\t\t<div class=\"elementor-widget-container\">\n\t\t\t<h3 class=\"elementor-heading-title elementor-size-default\">3. \u00bfQUIN TIPUS DE DADES S\u00d3N RECOLLIDES PER PONTUAL?<\/h3>\t\t<\/div>\n\t\t\t\t<\/div>\n\t\t\t\t<div class=\"elementor-element elementor-element-a883842 elementor-widget elementor-widget-text-editor\" data-id=\"a883842\" data-element_type=\"widget\" data-widget_type=\"text-editor.default\">\n\t\t\t\t<div class=\"elementor-widget-container\">\n\t\t\t\t\t\t\t<p>PONTUAL recull les dades sobre les empreses que s\u00f3n els seus clients i els seus col\u00b7laboradors, en particular nom, correu electr\u00f2nic, c\u00e0rrec i tel\u00e8fon.<\/p>\t\t\t\t\t\t<\/div>\n\t\t\t\t<\/div>\n\t\t\t\t\t<\/div>\n\t\t<\/div>\n\t\t\t\t\t<\/div>\n\t\t<\/section>\n\t\t\t\t<section class=\"elementor-section elementor-top-section elementor-element elementor-element-6da860a elementor-section-boxed elementor-section-height-default elementor-section-height-default\" data-id=\"6da860a\" data-element_type=\"section\">\n\t\t\t\t\t\t<div class=\"elementor-container elementor-column-gap-default\">\n\t\t\t\t\t<div class=\"elementor-column elementor-col-100 elementor-top-column elementor-element elementor-element-d132645\" data-id=\"d132645\" data-element_type=\"column\">\n\t\t\t<div class=\"elementor-widget-wrap elementor-element-populated\">\n\t\t\t\t\t\t<div class=\"elementor-element elementor-element-927ff65 elementor-widget elementor-widget-heading\" data-id=\"927ff65\" data-element_type=\"widget\" data-widget_type=\"heading.default\">\n\t\t\t\t<div class=\"elementor-widget-container\">\n\t\t\t<h3 class=\"elementor-heading-title elementor-size-default\">4. \u00bfPER A QUINES FINALITATS RECULL PONTUAL DADES PERSONALS DE L`USUARI<\/h3>\t\t<\/div>\n\t\t\t\t<\/div>\n\t\t\t\t<div class=\"elementor-element elementor-element-cf826d1 elementor-widget elementor-widget-text-editor\" data-id=\"cf826d1\" data-element_type=\"widget\" data-widget_type=\"text-editor.default\">\n\t\t\t\t<div class=\"elementor-widget-container\">\n\t\t\t\t\t\t\t<p>Les dades recollides en el lloc web es destinen al processament de les comandes i la comunicaci\u00f3 amb els clients, proc\u00e9s de sol\u00b7licituds d\u00b4informaci\u00f3, an\u00e0lisi estad\u00edstic, aix\u00ed com el corresponent us per a finalitats de m\u00e0rqueting directe.<\/p>\t\t\t\t\t\t<\/div>\n\t\t\t\t<\/div>\n\t\t\t\t\t<\/div>\n\t\t<\/div>\n\t\t\t\t\t<\/div>\n\t\t<\/section>\n\t\t\t\t<section class=\"elementor-section elementor-top-section elementor-element elementor-element-7ed3d9e elementor-section-boxed elementor-section-height-default elementor-section-height-default\" data-id=\"7ed3d9e\" data-element_type=\"section\">\n\t\t\t\t\t\t<div class=\"elementor-container elementor-column-gap-default\">\n\t\t\t\t\t<div class=\"elementor-column elementor-col-100 elementor-top-column elementor-element elementor-element-9598f95\" data-id=\"9598f95\" data-element_type=\"column\">\n\t\t\t<div class=\"elementor-widget-wrap elementor-element-populated\">\n\t\t\t\t\t\t<div class=\"elementor-element elementor-element-0b518bc elementor-widget elementor-widget-heading\" data-id=\"0b518bc\" data-element_type=\"widget\" data-widget_type=\"heading.default\">\n\t\t\t\t<div class=\"elementor-widget-container\">\n\t\t\t<h3 class=\"elementor-heading-title elementor-size-default\">5. PONTUAL UTILITZA LES DADES PERSONALS PER A M\u00c0RQUETING DIRECTE?<\/h3>\t\t<\/div>\n\t\t\t\t<\/div>\n\t\t\t\t<div class=\"elementor-element elementor-element-413fb9b elementor-widget elementor-widget-text-editor\" data-id=\"413fb9b\" data-element_type=\"widget\" data-widget_type=\"text-editor.default\">\n\t\t\t\t<div class=\"elementor-widget-container\">\n\t\t\t\t\t\t\t<p>PONTUAL Podr\u00e0 utilitzar les dades personals del visitant para a enviar-li qualsevol correu electr\u00f2nic no sol\u00b7licitat, relacionat amb productes o ofertes comercials que puguin ser del seu inter\u00e8s. PONTUAL no ven ni negocia les seves dades.<\/p><p>El visitant autoritza expressament a PONTUAL a enviar informaci\u00f3 sobre productes i serveis, que poden ser del seu inter\u00e8s utilitzant les seves dades personals a efectes de m\u00e0rqueting directe a trav\u00e9s de qualsevol canal de comunicaci\u00f3, en particular mitjan\u00e7ant l\u2019\u00fas de correu electr\u00f2nic, tel\u00e8fon, SMS, MMS o altres formes de trucada autom\u00e0tica.<\/p><p>PONTUAL no comercialitzar\u00e0 ni compartir\u00e0 la seva base de dades de clients amb tercers.<\/p>\t\t\t\t\t\t<\/div>\n\t\t\t\t<\/div>\n\t\t\t\t\t<\/div>\n\t\t<\/div>\n\t\t\t\t\t<\/div>\n\t\t<\/section>\n\t\t\t\t<section class=\"elementor-section elementor-top-section elementor-element elementor-element-1181b4c elementor-section-boxed elementor-section-height-default elementor-section-height-default\" data-id=\"1181b4c\" data-element_type=\"section\">\n\t\t\t\t\t\t<div class=\"elementor-container elementor-column-gap-default\">\n\t\t\t\t\t<div class=\"elementor-column elementor-col-100 elementor-top-column elementor-element elementor-element-ff4e55b\" data-id=\"ff4e55b\" data-element_type=\"column\">\n\t\t\t<div class=\"elementor-widget-wrap elementor-element-populated\">\n\t\t\t\t\t\t<div class=\"elementor-element elementor-element-152311f elementor-widget elementor-widget-heading\" data-id=\"152311f\" data-element_type=\"widget\" data-widget_type=\"heading.default\">\n\t\t\t\t<div class=\"elementor-widget-container\">\n\t\t\t<h3 class=\"elementor-heading-title elementor-size-default\">6. \u00bfQUI ACCEDEIX A LES DADES PERSONALS DEL VISITANT?<\/h3>\t\t<\/div>\n\t\t\t\t<\/div>\n\t\t\t\t<div class=\"elementor-element elementor-element-34de57b elementor-widget elementor-widget-text-editor\" data-id=\"34de57b\" data-element_type=\"widget\" data-widget_type=\"text-editor.default\">\n\t\t\t\t<div class=\"elementor-widget-container\">\n\t\t\t\t\t\t\t<p>PONTUAL no revela a tercers les dades personals dels seus visitants sense el seu consentiment, excepte (1) quan es tracte de les empreses del Grup PONTUAL, o (2) on \u00e9s necessari per els empleats, prove\u00efdors o socis de negocis de PONTUAL, que poden proporcionar un producte o servei o executar una funci\u00f3 en nom de PONTUAL, o (3) quan sigui requerit o perm\u00e8s per la llei.<\/p><p>PONTUAL adoptar\u00e0 les precaucions raonables per a garantir que els seus empleats o col\u00b7laboradors amb acc\u00e9s a dades personals rebin una formaci\u00f3 adequada al seu correcta processament, amb respecte a la present pol\u00edtica i a les obligacions legals de protecci\u00f3 de dades. En cas d\u00b4incompliment, PONTUAL , aplicar\u00e0 sancions disciplinaries als seus empleats i Col\u00b7laboradors.<\/p><p>Sempre que PONTUAL hagi de divulgar les dades personals del visitant, salvaguardar\u00e0 el compliment de la Lleis de Protecci\u00f3 de Dades Personals, en particular a trav\u00e9s de la previsi\u00f3 de disposicions contractuals que garanteixin que el tercer utilitza les dades rebudes solament per a les finalitats especificades, i de conformitat amb les finalitats descrites en aquesta pol\u00edtica i, que fa \u00fas de mitjans de seguretat adequats per protegir les dades personals del visitant contra tractaments il\u00b7legals o no autoritzats, aix\u00ed com contra la seva p\u00e8rdua accidental, destrucci\u00f3 o altres accions nocives.<\/p>\t\t\t\t\t\t<\/div>\n\t\t\t\t<\/div>\n\t\t\t\t\t<\/div>\n\t\t<\/div>\n\t\t\t\t\t<\/div>\n\t\t<\/section>\n\t\t\t\t<section class=\"elementor-section elementor-top-section elementor-element elementor-element-95c73a1 elementor-section-boxed elementor-section-height-default elementor-section-height-default\" data-id=\"95c73a1\" data-element_type=\"section\">\n\t\t\t\t\t\t<div class=\"elementor-container elementor-column-gap-default\">\n\t\t\t\t\t<div class=\"elementor-column elementor-col-100 elementor-top-column elementor-element elementor-element-8ea0c76\" data-id=\"8ea0c76\" data-element_type=\"column\">\n\t\t\t<div class=\"elementor-widget-wrap elementor-element-populated\">\n\t\t\t\t\t\t<div class=\"elementor-element elementor-element-a05d517 elementor-widget elementor-widget-heading\" data-id=\"a05d517\" data-element_type=\"widget\" data-widget_type=\"heading.default\">\n\t\t\t\t<div class=\"elementor-widget-container\">\n\t\t\t<h3 class=\"elementor-heading-title elementor-size-default\">7. \u00bfON S\u00d3N GUARDADES LES DADES DE L`USUARI<\/h3>\t\t<\/div>\n\t\t\t\t<\/div>\n\t\t\t\t<div class=\"elementor-element elementor-element-ce9cebc elementor-widget elementor-widget-text-editor\" data-id=\"ce9cebc\" data-element_type=\"widget\" data-widget_type=\"text-editor.default\">\n\t\t\t\t<div class=\"elementor-widget-container\">\n\t\t\t\t\t\t\t<p>PONTUAL guarda les dades dels seus visitants en els seus servidors ubicats a Portugal. Aquests servidors es protegeixen i es mantenen d`acord amb alts est\u00e0ndards de seguretat i es respecten les lleis de privacitat aplicables.<\/p>\t\t\t\t\t\t<\/div>\n\t\t\t\t<\/div>\n\t\t\t\t\t<\/div>\n\t\t<\/div>\n\t\t\t\t\t<\/div>\n\t\t<\/section>\n\t\t\t\t<section class=\"elementor-section elementor-top-section elementor-element elementor-element-056b13b elementor-section-boxed elementor-section-height-default elementor-section-height-default\" data-id=\"056b13b\" data-element_type=\"section\">\n\t\t\t\t\t\t<div class=\"elementor-container elementor-column-gap-default\">\n\t\t\t\t\t<div class=\"elementor-column elementor-col-100 elementor-top-column elementor-element elementor-element-b847755\" data-id=\"b847755\" data-element_type=\"column\">\n\t\t\t<div class=\"elementor-widget-wrap elementor-element-populated\">\n\t\t\t\t\t\t<div class=\"elementor-element elementor-element-c15eb8f elementor-widget elementor-widget-heading\" data-id=\"c15eb8f\" data-element_type=\"widget\" data-widget_type=\"heading.default\">\n\t\t\t\t<div class=\"elementor-widget-container\">\n\t\t\t<h3 class=\"elementor-heading-title elementor-size-default\">8. \u00bfLES DADES DE L`USUARI ESTAN SEGURES A PONTUAL??<\/h3>\t\t<\/div>\n\t\t\t\t<\/div>\n\t\t\t\t<div class=\"elementor-element elementor-element-bf1fef8 elementor-widget elementor-widget-text-editor\" data-id=\"bf1fef8\" data-element_type=\"widget\" data-widget_type=\"text-editor.default\">\n\t\t\t\t<div class=\"elementor-widget-container\">\n\t\t\t\t\t\t\t<p>PONTUAL ha pres les mesures t\u00e8cniques i organitzatives necess\u00e0ries per a protegir adequadament les seves dades sobre el processament i l`acc\u00e9s no autoritzats.<\/p><p>PONTUAL desenvolupa tots els esfor\u00e7os raonables i adequats per evitar l`\u00fas no autoritzat o il\u00b7legal de les dades personals del visitant, aix\u00ed com la seva p\u00e8rdua, destrucci\u00f3 o dany. Tanmateix, PONTUAL no pot proporcionar una garantia absoluta de les dades del visitant.<\/p><p>Un PONTUAL protegeix la seguretat de les dades personals del visitant a trav\u00e9s dels seg\u00fcents medis: (1) l`\u00fas xifrat amb el certificat en totes les comunicacions de llocs web, (2) la contrasenya a utilitzar per accedir a la p\u00e0gina web; i (3) limitaci\u00f3 de l`acc\u00e9s a les dades personals ( per exemple, acc\u00e9s solament als empleats o treballadors de PONTUAL que necessitin accedir a ells per a les finalitats anteriorment descrites.<\/p><p>Un PUNTUAL demana la col\u00b7laboraci\u00f3 del visitant per mantenir la seguretat de les dades personals i recomana que: (1) no utilitzi un nom d`usuari i contrasenya que siguin f\u00e0cils d`endevinar; (2) canvi\u00ef la contrasenya regularment; i (3) no divulgui la contrasenya a qualsevol persona.<\/p>\t\t\t\t\t\t<\/div>\n\t\t\t\t<\/div>\n\t\t\t\t\t<\/div>\n\t\t<\/div>\n\t\t\t\t\t<\/div>\n\t\t<\/section>\n\t\t\t\t<section class=\"elementor-section elementor-top-section elementor-element elementor-element-fbb235b elementor-section-boxed elementor-section-height-default elementor-section-height-default\" data-id=\"fbb235b\" data-element_type=\"section\">\n\t\t\t\t\t\t<div class=\"elementor-container elementor-column-gap-default\">\n\t\t\t\t\t<div class=\"elementor-column elementor-col-100 elementor-top-column elementor-element elementor-element-fff9505\" data-id=\"fff9505\" data-element_type=\"column\">\n\t\t\t<div class=\"elementor-widget-wrap elementor-element-populated\">\n\t\t\t\t\t\t<div class=\"elementor-element elementor-element-779934e elementor-widget elementor-widget-heading\" data-id=\"779934e\" data-element_type=\"widget\" data-widget_type=\"heading.default\">\n\t\t\t\t<div class=\"elementor-widget-container\">\n\t\t\t<h3 class=\"elementor-heading-title elementor-size-default\">9. I QUIN HI HA ENLLA\u00c7OS EN EL WEBSITE??<\/h3>\t\t<\/div>\n\t\t\t\t<\/div>\n\t\t\t\t<div class=\"elementor-element elementor-element-92a8f83 elementor-widget elementor-widget-text-editor\" data-id=\"92a8f83\" data-element_type=\"widget\" data-widget_type=\"text-editor.default\">\n\t\t\t\t<div class=\"elementor-widget-container\">\n\t\t\t\t\t\t\t<p>El lloc web de PONTUAL pot contenir enlla\u00e7os a altres llocs web i direccions de correu electr\u00f2nic d`empreses no pertanyents a PONTUAL. La present pol\u00edtica de privacitat no s`aplica a aquests llocs web i direccions de correu electr\u00f2nic.<\/p><p>Si utilitza un vincle disponible en aquest lloc web per anar a un altre lloc web i proporciona dades personals en aquest lloc, el proc\u00e9s de les dades estar\u00e0 subjecte a la declaraci\u00f3 de privacitat d`aquest lloc web.<\/p>\t\t\t\t\t\t<\/div>\n\t\t\t\t<\/div>\n\t\t\t\t\t<\/div>\n\t\t<\/div>\n\t\t\t\t\t<\/div>\n\t\t<\/section>\n\t\t\t\t<section class=\"elementor-section elementor-top-section elementor-element elementor-element-6bf8fd7 elementor-section-boxed elementor-section-height-default elementor-section-height-default\" data-id=\"6bf8fd7\" data-element_type=\"section\">\n\t\t\t\t\t\t<div class=\"elementor-container elementor-column-gap-default\">\n\t\t\t\t\t<div class=\"elementor-column elementor-col-100 elementor-top-column elementor-element elementor-element-f75891b\" data-id=\"f75891b\" data-element_type=\"column\">\n\t\t\t<div class=\"elementor-widget-wrap elementor-element-populated\">\n\t\t\t\t\t\t<div class=\"elementor-element elementor-element-84544c3 elementor-widget elementor-widget-heading\" data-id=\"84544c3\" data-element_type=\"widget\" data-widget_type=\"heading.default\">\n\t\t\t\t<div class=\"elementor-widget-container\">\n\t\t\t<h3 class=\"elementor-heading-title elementor-size-default\">10. PONTUAL UTILITZA COOKIES EN EL LLOC WEB?<\/h3>\t\t<\/div>\n\t\t\t\t<\/div>\n\t\t\t\t<div class=\"elementor-element elementor-element-267380a elementor-widget elementor-widget-text-editor\" data-id=\"267380a\" data-element_type=\"widget\" data-widget_type=\"text-editor.default\">\n\t\t\t\t<div class=\"elementor-widget-container\">\n\t\t\t\t\t\t\t<p>El lloc web de PONTUAL utilitza cookies en certes \u00e0rees.<\/p><p>Las cookies s\u00f3n arxius que emmagatzemen informaci\u00f3 en el disc dur o navegador del visitant, permetent que els llocs web els reconeguin i s\u00e0piguen que ja els va visitar anteriorment.<\/p><p>El visitant pot configurar els seu navegador per a rebutjar les cookies, per\u00f2 en aquest cas, el lloc web o parts del mateix poden no funcionar correctament.<\/p><p>Les cookies s\u00b4utilitzen per supervisar i analitzar l`\u00fas del lloc web, permetent a PONTUAL identificar i servir millor al visitant.<\/p><p>PONTUAL no comparteix cookies amb tercers, inclosos prove\u00efdors externs da dades o llocs web.<\/p>\t\t\t\t\t\t<\/div>\n\t\t\t\t<\/div>\n\t\t\t\t\t<\/div>\n\t\t<\/div>\n\t\t\t\t\t<\/div>\n\t\t<\/section>\n\t\t\t\t<section class=\"elementor-section elementor-top-section elementor-element elementor-element-cb77db4 elementor-section-boxed elementor-section-height-default elementor-section-height-default\" data-id=\"cb77db4\" data-element_type=\"section\">\n\t\t\t\t\t\t<div class=\"elementor-container elementor-column-gap-default\">\n\t\t\t\t\t<div class=\"elementor-column elementor-col-100 elementor-top-column elementor-element elementor-element-d7c9daa\" data-id=\"d7c9daa\" data-element_type=\"column\">\n\t\t\t<div class=\"elementor-widget-wrap elementor-element-populated\">\n\t\t\t\t\t\t<div class=\"elementor-element elementor-element-1032ba1 elementor-widget elementor-widget-heading\" data-id=\"1032ba1\" data-element_type=\"widget\" data-widget_type=\"heading.default\">\n\t\t\t\t<div class=\"elementor-widget-container\">\n\t\t\t<h3 class=\"elementor-heading-title elementor-size-default\">11. \u00bfQUINS DRETS T\u00c9 EL VISITANT RESPECTE A LES DADES?<\/h3>\t\t<\/div>\n\t\t\t\t<\/div>\n\t\t\t\t<div class=\"elementor-element elementor-element-e8db345 elementor-widget elementor-widget-text-editor\" data-id=\"e8db345\" data-element_type=\"widget\" data-widget_type=\"text-editor.default\">\n\t\t\t\t<div class=\"elementor-widget-container\">\n\t\t\t\t\t\t\t<p>D`acord a Lleis de Protecci\u00f3 de Dades Personals, el visitant t\u00e9 dret a obtenir informaci\u00f3 sobre les seves dades personals. Vost\u00e8 t\u00e9 el dret de saber quines dades personals han estat processades per PONTUAL, podent tamb\u00e9 requerir a PONTUAL per corregir, complementar, bloquejar o eliminar les dades totalment o parcialment en cas de resultar incomplets, incorrectes o irrellevants a efectes de processament.<\/p><p>L`actualitzaci\u00f3 de les dades ha de ser efectuada pel propi client en el lloc web, en la secci\u00f3 espec\u00edficament disponible a tal efecte.<\/p>\t\t\t\t\t\t<\/div>\n\t\t\t\t<\/div>\n\t\t\t\t\t<\/div>\n\t\t<\/div>\n\t\t\t\t\t<\/div>\n\t\t<\/section>\n\t\t\t\t<section class=\"elementor-section elementor-top-section elementor-element elementor-element-cee7007 elementor-section-boxed elementor-section-height-default elementor-section-height-default\" data-id=\"cee7007\" data-element_type=\"section\">\n\t\t\t\t\t\t<div class=\"elementor-container elementor-column-gap-default\">\n\t\t\t\t\t<div class=\"elementor-column elementor-col-100 elementor-top-column elementor-element elementor-element-52be9e9\" data-id=\"52be9e9\" data-element_type=\"column\">\n\t\t\t<div class=\"elementor-widget-wrap elementor-element-populated\">\n\t\t\t\t\t\t<div class=\"elementor-element elementor-element-261373c elementor-widget elementor-widget-text-editor\" data-id=\"261373c\" data-element_type=\"widget\" data-widget_type=\"text-editor.default\">\n\t\t\t\t<div class=\"elementor-widget-container\">\n\t\t\t\t\t\t\t<p>Si desitja, en qualsevol moment, deixar de formar part de la base de dades PONTUAL podr\u00e0 exercir aquest dret, contactant-nos a trav\u00e9s dels seg\u00fcents mitjans:<\/p><p>Correu electr\u00f2nic: <a href=\"mailto:info@pontualsoftware.com\">info@pontualsoftware.com<\/a><br \/>Telefone: +351 256 379 510<br \/>Horari d`atenci\u00f3: dilluns a divendres, de 9.00h a 18.30h<br \/>Lloc web: <a href=\"http:\/\/www.pontualsoftware.com\">www.pontualsoftware.com<\/a><\/p>\t\t\t\t\t\t<\/div>\n\t\t\t\t<\/div>\n\t\t\t\t\t<\/div>\n\t\t<\/div>\n\t\t\t\t\t<\/div>\n\t\t<\/section>\n\t\t\t\t<\/div>\n\t\t","protected":false},"excerpt":{"rendered":"<p>Pol\u00edtica de Privacitat PONTUAL \u00e9s responsable d`aquest lloc web. La present pol\u00edtica de privacitat abasta aquest lloc web, aix\u00ed com altres llocs que mencionen aquesta pol\u00edtica. La privacitat de l`usuari \u00e9s important per a PONTUAL. PONTUAL es compromet a respectar la privacitat del visitant i a processar les seves dades personals de forma curosa i [&hellip;]<\/p>\n","protected":false},"author":1,"featured_media":0,"parent":0,"menu_order":0,"comment_status":"closed","ping_status":"closed","template":"","meta":{"footnotes":""},"class_list":["post-596","page","type-page","status-publish","hentry"],"_links":{"self":[{"href":"https:\/\/jurisflow.com\/ca\/wp-json\/wp\/v2\/pages\/596","targetHints":{"allow":["GET"]}}],"collection":[{"href":"https:\/\/jurisflow.com\/ca\/wp-json\/wp\/v2\/pages"}],"about":[{"href":"https:\/\/jurisflow.com\/ca\/wp-json\/wp\/v2\/types\/page"}],"author":[{"embeddable":true,"href":"https:\/\/jurisflow.com\/ca\/wp-json\/wp\/v2\/users\/1"}],"replies":[{"embeddable":true,"href":"https:\/\/jurisflow.com\/ca\/wp-json\/wp\/v2\/comments?post=596"}],"version-history":[{"count":5,"href":"https:\/\/jurisflow.com\/ca\/wp-json\/wp\/v2\/pages\/596\/revisions"}],"predecessor-version":[{"id":980,"href":"https:\/\/jurisflow.com\/ca\/wp-json\/wp\/v2\/pages\/596\/revisions\/980"}],"wp:attachment":[{"href":"https:\/\/jurisflow.com\/ca\/wp-json\/wp\/v2\/media?parent=596"}],"curies":[{"name":"wp","href":"https:\/\/api.w.org\/{rel}","templated":true}]}}