{"id":568,"date":"2020-10-14T14:12:38","date_gmt":"2020-10-14T14:12:38","guid":{"rendered":"https:\/\/jurisflow.com\/functionalities\/"},"modified":"2020-11-06T16:34:11","modified_gmt":"2020-11-06T16:34:11","slug":"funcionalitats","status":"publish","type":"page","link":"https:\/\/jurisflow.com\/ca\/funcionalitats\/","title":{"rendered":"Funcionalitats\u200b"},"content":{"rendered":"\t\t<div data-elementor-type=\"wp-page\" data-elementor-id=\"568\" class=\"elementor elementor-568 elementor-341\" data-elementor-post-type=\"page\">\n\t\t\t\t\t\t<section class=\"elementor-section elementor-top-section elementor-element elementor-element-7ff46bc elementor-section-boxed elementor-section-height-default elementor-section-height-default\" data-id=\"7ff46bc\" data-element_type=\"section\">\n\t\t\t\t\t\t<div class=\"elementor-container elementor-column-gap-default\">\n\t\t\t\t\t<div class=\"elementor-column elementor-col-100 elementor-top-column elementor-element elementor-element-4b2dfe6\" data-id=\"4b2dfe6\" data-element_type=\"column\">\n\t\t\t<div class=\"elementor-widget-wrap elementor-element-populated\">\n\t\t\t\t\t\t<div class=\"elementor-element elementor-element-3088400 line-left-bw elementor-widget elementor-widget-heading\" data-id=\"3088400\" data-element_type=\"widget\" data-widget_type=\"heading.default\">\n\t\t\t\t<div class=\"elementor-widget-container\">\n\t\t\t<h1 class=\"elementor-heading-title elementor-size-default\">Funcionalitats<\/h1>\t\t<\/div>\n\t\t\t\t<\/div>\n\t\t\t\t<div class=\"elementor-element elementor-element-6932a69 elementor-widget__width-initial elementor-widget elementor-widget-text-editor\" data-id=\"6932a69\" data-element_type=\"widget\" data-widget_type=\"text-editor.default\">\n\t\t\t\t<div class=\"elementor-widget-container\">\n\t\t\t\t\t\t\tDescobreixi totes les funcions \u00fatils que li permetran una gesti\u00f3 m\u00e9s senzilla.\n\t\t\t\t\t\t<\/div>\n\t\t\t\t<\/div>\n\t\t\t\t\t<\/div>\n\t\t<\/div>\n\t\t\t\t\t<\/div>\n\t\t<\/section>\n\t\t\t\t<section class=\"elementor-section elementor-top-section elementor-element elementor-element-a1b5f98 elementor-section-boxed elementor-section-height-default elementor-section-height-default\" data-id=\"a1b5f98\" data-element_type=\"section\">\n\t\t\t\t\t\t<div class=\"elementor-container elementor-column-gap-default\">\n\t\t\t\t\t<div class=\"elementor-column elementor-col-100 elementor-top-column elementor-element elementor-element-47db201\" data-id=\"47db201\" data-element_type=\"column\">\n\t\t\t<div class=\"elementor-widget-wrap elementor-element-populated\">\n\t\t\t\t\t\t<div class=\"elementor-element elementor-element-3fe78f5 elementor-tabs-view-vertical elementor-widget elementor-widget-tabs\" data-id=\"3fe78f5\" data-element_type=\"widget\" data-widget_type=\"tabs.default\">\n\t\t\t\t<div class=\"elementor-widget-container\">\n\t\t\t\t\t<div class=\"elementor-tabs\">\n\t\t\t<div class=\"elementor-tabs-wrapper\" role=\"tablist\" >\n\t\t\t\t\t\t\t\t\t<div id=\"elementor-tab-title-6701\" class=\"elementor-tab-title elementor-tab-desktop-title\" aria-selected=\"true\" data-tab=\"1\" role=\"tab\" tabindex=\"0\" aria-controls=\"elementor-tab-content-6701\" aria-expanded=\"false\">Gesti\u00f3 electr\u00f2nica de documents\u200b<\/div>\n\t\t\t\t\t\t\t\t\t<div id=\"elementor-tab-title-6702\" class=\"elementor-tab-title elementor-tab-desktop-title\" aria-selected=\"false\" data-tab=\"2\" role=\"tab\" tabindex=\"-1\" aria-controls=\"elementor-tab-content-6702\" aria-expanded=\"false\">Gesti\u00f3 de processos i Gesti\u00f3 de clients<\/div>\n\t\t\t\t\t\t\t\t\t<div id=\"elementor-tab-title-6703\" class=\"elementor-tab-title elementor-tab-desktop-title\" aria-selected=\"false\" data-tab=\"3\" role=\"tab\" tabindex=\"-1\" aria-controls=\"elementor-tab-content-6703\" aria-expanded=\"false\">Gesti\u00f3 de Contractes\u200b<\/div>\n\t\t\t\t\t\t\t\t\t<div id=\"elementor-tab-title-6704\" class=\"elementor-tab-title elementor-tab-desktop-title\" aria-selected=\"false\" data-tab=\"4\" role=\"tab\" tabindex=\"-1\" aria-controls=\"elementor-tab-content-6704\" aria-expanded=\"false\">Agenda i Terminis\u200b<\/div>\n\t\t\t\t\t\t\t\t\t<div id=\"elementor-tab-title-6705\" class=\"elementor-tab-title elementor-tab-desktop-title\" aria-selected=\"false\" data-tab=\"5\" role=\"tab\" tabindex=\"-1\" aria-controls=\"elementor-tab-content-6705\" aria-expanded=\"false\">Activitats (Timesheets) i Registre de Costos\u200b<\/div>\n\t\t\t\t\t\t\t\t\t<div id=\"elementor-tab-title-6706\" class=\"elementor-tab-title elementor-tab-desktop-title\" aria-selected=\"false\" data-tab=\"6\" role=\"tab\" tabindex=\"-1\" aria-controls=\"elementor-tab-content-6706\" aria-expanded=\"false\">Indicadors i Informes\u200b<\/div>\n\t\t\t\t\t\t\t\t\t<div id=\"elementor-tab-title-6707\" class=\"elementor-tab-title elementor-tab-desktop-title\" aria-selected=\"false\" data-tab=\"7\" role=\"tab\" tabindex=\"-1\" aria-controls=\"elementor-tab-content-6707\" aria-expanded=\"false\">Seguretat i RGPD\u200b<\/div>\n\t\t\t\t\t\t\t\t\t<div id=\"elementor-tab-title-6708\" class=\"elementor-tab-title elementor-tab-desktop-title\" aria-selected=\"false\" data-tab=\"8\" role=\"tab\" tabindex=\"-1\" aria-controls=\"elementor-tab-content-6708\" aria-expanded=\"false\">Integraci\u00f3\u200b<\/div>\n\t\t\t\t\t\t\t\t\t<div id=\"elementor-tab-title-6709\" class=\"elementor-tab-title elementor-tab-desktop-title\" aria-selected=\"false\" data-tab=\"9\" role=\"tab\" tabindex=\"-1\" aria-controls=\"elementor-tab-content-6709\" aria-expanded=\"false\">Mobilitat<\/div>\n\t\t\t\t\t\t\t\t\t<div id=\"elementor-tab-title-67010\" class=\"elementor-tab-title elementor-tab-desktop-title\" aria-selected=\"false\" data-tab=\"10\" role=\"tab\" tabindex=\"-1\" aria-controls=\"elementor-tab-content-67010\" aria-expanded=\"false\">\u00c0rea de Clients<\/div>\n\t\t\t\t\t\t\t\t\t<div id=\"elementor-tab-title-67011\" class=\"elementor-tab-title elementor-tab-desktop-title\" aria-selected=\"false\" data-tab=\"11\" role=\"tab\" tabindex=\"-1\" aria-controls=\"elementor-tab-content-67011\" aria-expanded=\"false\">Facturaci\u00f3<\/div>\n\t\t\t\t\t\t\t\t\t<div id=\"elementor-tab-title-67012\" class=\"elementor-tab-title elementor-tab-desktop-title\" aria-selected=\"false\" data-tab=\"12\" role=\"tab\" tabindex=\"-1\" aria-controls=\"elementor-tab-content-67012\" aria-expanded=\"false\">Signatura electr\u00f2nica\u200b<\/div>\n\t\t\t\t\t\t\t<\/div>\n\t\t\t<div class=\"elementor-tabs-content-wrapper\" role=\"tablist\" aria-orientation=\"vertical\">\n\t\t\t\t\t\t\t\t\t<div class=\"elementor-tab-title elementor-tab-mobile-title\" aria-selected=\"true\" data-tab=\"1\" role=\"tab\" tabindex=\"0\" aria-controls=\"elementor-tab-content-6701\" aria-expanded=\"false\">Gesti\u00f3 electr\u00f2nica de documents\u200b<\/div>\n\t\t\t\t\t<div id=\"elementor-tab-content-6701\" class=\"elementor-tab-content elementor-clearfix\" data-tab=\"1\" role=\"tabpanel\" aria-labelledby=\"elementor-tab-title-6701\" tabindex=\"0\" hidden=\"false\"><h2>Gesti\u00f3 Electr\u00f2nica de documents\u200b\u200b<\/h2><p>Ordena i emmagatzema documents, permet el control de versions, estableix un nivell de privacitat i registre d&#8217;accessos. Gestiona la biblioteca interna.<\/p><p>Permet estalviar temps per dedicar-lo a l&#8217;activitat principal de servei a el client, augmentant aix\u00ed la rendibilitat del seu despatx.<\/p><\/div>\n\t\t\t\t\t\t\t\t\t<div class=\"elementor-tab-title elementor-tab-mobile-title\" aria-selected=\"false\" data-tab=\"2\" role=\"tab\" tabindex=\"-1\" aria-controls=\"elementor-tab-content-6702\" aria-expanded=\"false\">Gesti\u00f3 de processos i Gesti\u00f3 de clients<\/div>\n\t\t\t\t\t<div id=\"elementor-tab-content-6702\" class=\"elementor-tab-content elementor-clearfix\" data-tab=\"2\" role=\"tabpanel\" aria-labelledby=\"elementor-tab-title-6702\" tabindex=\"0\" hidden=\"hidden\"><h2>Gesti\u00f3 de processos i clients<\/h2>\n<p>JurisFlow organitza, ordena i vincula tota la documentaci\u00f3, participants, cites, activitats, tasques, contactes, fulls de registre de temps, factures i correus electr\u00f2nics relatius a cada un dels processos dels seus clients. JurisFlow li d\u00f3na una visi\u00f3 360\u00ba dels seus processos i clients, amb rapidesa, agilitat i des d&#8217;on vulgui.<\/p>\n<p>JurisFlow emmagatzema autom\u00e0ticament els missatges de correu electr\u00f2nic intercanviats entre el seu despatx i qualsevol dels seus clients.<\/p>\n<p>Sincronitza de forma autom\u00e0tica els correus a les carpetes corresponents, permetent tenir un arxiu actualitzat dels correus per expedient i per client.<\/p>\n<p><img fetchpriority=\"high\" decoding=\"async\" class=\"wp-image-395 size-full aligncenter\" src=\"https:\/\/jurisflow.com\/wp-content\/uploads\/2020\/10\/01-1.png\" alt=\"\" width=\"704\" height=\"469\" srcset=\"https:\/\/jurisflow.com\/wp-content\/uploads\/2020\/10\/01-1.png 704w, https:\/\/jurisflow.com\/wp-content\/uploads\/2020\/10\/01-1-300x200.png 300w\" sizes=\"(max-width: 704px) 100vw, 704px\" \/><\/p><\/div>\n\t\t\t\t\t\t\t\t\t<div class=\"elementor-tab-title elementor-tab-mobile-title\" aria-selected=\"false\" data-tab=\"3\" role=\"tab\" tabindex=\"-1\" aria-controls=\"elementor-tab-content-6703\" aria-expanded=\"false\">Gesti\u00f3 de Contractes\u200b<\/div>\n\t\t\t\t\t<div id=\"elementor-tab-content-6703\" class=\"elementor-tab-content elementor-clearfix\" data-tab=\"3\" role=\"tabpanel\" aria-labelledby=\"elementor-tab-title-6703\" tabindex=\"0\" hidden=\"hidden\"><h2>Gesti\u00f3 de Contractes\u200b\u200b<\/h2><p>Centralitza la Gesti\u00f3 de Contractes\u200b<\/p><p>Un arxiu efica\u00e7 de tots els contractes existents Es tracti de contractes de treball o contractes de serveis, pot utilitzar JurisFlow per gestionar efica\u00e7ment els contractes amb tercers.<br \/>Aquest sistema li permet:<br \/>\u200b<\/p><ul><li>Registrar i classificar tots els contractes que hagi celebrat amb tercers<\/li><li>er advertit en el moment oport\u00fa, per poder optar per la renovaci\u00f3 o no del contracte<\/li><li>Quantificar el total de er advertit en el moment oport\u00fa, per poder optar per la renovaci\u00f3 o no del contracte<\/li><\/ul><\/div>\n\t\t\t\t\t\t\t\t\t<div class=\"elementor-tab-title elementor-tab-mobile-title\" aria-selected=\"false\" data-tab=\"4\" role=\"tab\" tabindex=\"-1\" aria-controls=\"elementor-tab-content-6704\" aria-expanded=\"false\">Agenda i Terminis\u200b<\/div>\n\t\t\t\t\t<div id=\"elementor-tab-content-6704\" class=\"elementor-tab-content elementor-clearfix\" data-tab=\"4\" role=\"tabpanel\" aria-labelledby=\"elementor-tab-title-6704\" tabindex=\"0\" hidden=\"hidden\"><h2>Agenda i Terminis<\/h2>\n<p>El calendari, actualitzat de manera permanent, li permetr\u00e0 estar al corrent de les seves cites, per a cadascun dels seus clients i processos, Jurisflow li permet treballar amb calendaris personals, grupals o de recursos. Acc\u00e9s p\u00fablic o privat. I amb control de recordatoris i alertes. Gestioni el seu temps amb la m\u00e0xima efic\u00e0cia.<\/p>\n<p>Tasques i terminis<\/p>\n<p>JurisFlow li permet l&#8217;administraci\u00f3 dels plans de treball del seu equip i la gesti\u00f3 de les tasques recurrents. Li permet supervisar totes les tasques amb temps suficient abans de la data en qu\u00e8 han d&#8217;estar acabades. Es poden assignar tasques al seu equip, controlant els passos necessaris, el seguiment de les mateixes, reduint de manera dram\u00e0tica la possibilitat que s&#8217;incompleixin els terminis previstos. Gestionem els venciments.<\/p><\/div>\n\t\t\t\t\t\t\t\t\t<div class=\"elementor-tab-title elementor-tab-mobile-title\" aria-selected=\"false\" data-tab=\"5\" role=\"tab\" tabindex=\"-1\" aria-controls=\"elementor-tab-content-6705\" aria-expanded=\"false\">Activitats (Timesheets) i Registre de Costos\u200b<\/div>\n\t\t\t\t\t<div id=\"elementor-tab-content-6705\" class=\"elementor-tab-content elementor-clearfix\" data-tab=\"5\" role=\"tabpanel\" aria-labelledby=\"elementor-tab-title-6705\" tabindex=\"0\" hidden=\"hidden\"><h2>Activitats (Timesheets) i Registre de Costos<\/h2>\n<p>Registre l&#8217;activitat di\u00e0ria en el Timesheet. Assigneu temps als seus clients, processos i tasques. Pot posar en marxa el comptador de temps per a les gestions amb els seus clients.<\/p>\n<p>JurisFlow li permet controlar totes les activitats administratives a trav\u00e9s d&#8217;un registre diari al Timesheet de les activitats realitzades, aix\u00ed com dels costos a imputar als clients.<\/p>\n<p>JurisFlow tamb\u00e9 implementa el concepte de Validaci\u00f3 de temps i costos. Aquesta funcionalitat preveu que tots els valors han de ser degudament analitzats i enquadrats en una de les seg\u00fcents opcions:<\/p>\n<ul>\n<li>Ha de ser imputat a client, amb la qual cosa apareixer\u00e0 a la minuta corresponent.<\/li>\n<li>Ha de ser considerat incl\u00f2s dins d&#8217;un acord global amb el client.<\/li>\n<li>No ha d&#8217;imputar-; En aquest cas, s&#8217;ha d&#8217;identificar la ra\u00f3.<\/li>\n<\/ul><\/div>\n\t\t\t\t\t\t\t\t\t<div class=\"elementor-tab-title elementor-tab-mobile-title\" aria-selected=\"false\" data-tab=\"6\" role=\"tab\" tabindex=\"-1\" aria-controls=\"elementor-tab-content-6706\" aria-expanded=\"false\">Indicadors i Informes\u200b<\/div>\n\t\t\t\t\t<div id=\"elementor-tab-content-6706\" class=\"elementor-tab-content elementor-clearfix\" data-tab=\"6\" role=\"tabpanel\" aria-labelledby=\"elementor-tab-title-6706\" tabindex=\"0\" hidden=\"hidden\"><h2>Indicadors i Informes<\/h2>\n<p>JurisFlow els permet l&#8217;acc\u00e9s a diferents informes i permet la generaci\u00f3 d&#8217;indicadors diferents per a cada usuari. Indicadors que s\u00f3n directament extrets de la informaci\u00f3 existent.<\/p>\n<p>Aquests informes li permeten tenir una visi\u00f3 clara i transparent tant de el rendiment del seu despatx, com dels seus clients, advocats i expedients. Aquesta informaci\u00f3 us permetr\u00e0 prendre les decisions correctes. Podr\u00e0 con\u00e8ixer la contribuci\u00f3 de cada un dels seus advocats, en concepte d&#8217;hores facturables, tasques i activitats i els conseq\u00fcents beneficis per al despatx, podent supervisar f\u00e0cilment les seves tasques i activitats.<\/p>\n<p>Mesura l&#8217;activitat del seu despatx o departament jur\u00eddic, usant KPI&#8217;s com poden ser els seg\u00fcents:<\/p>\n<ul>\n<li>Rendibilitat dels advocats<\/li>\n<li>Rendibilitat del despatx<\/li>\n<li>Rendibilitat dels clients<\/li>\n<\/ul>\n<p>JurisFlow li permet crear altres KPI`s que els seus clients creguin necessari per a la seva gesti\u00f3.<\/p><\/div>\n\t\t\t\t\t\t\t\t\t<div class=\"elementor-tab-title elementor-tab-mobile-title\" aria-selected=\"false\" data-tab=\"7\" role=\"tab\" tabindex=\"-1\" aria-controls=\"elementor-tab-content-6707\" aria-expanded=\"false\">Seguretat i RGPD\u200b<\/div>\n\t\t\t\t\t<div id=\"elementor-tab-content-6707\" class=\"elementor-tab-content elementor-clearfix\" data-tab=\"7\" role=\"tabpanel\" aria-labelledby=\"elementor-tab-title-6707\" tabindex=\"0\" hidden=\"hidden\"><h2>Seguretat i RGPD<\/h2>\n<p>JurisFlow li permet complir el RGPD, salvaguardar la seva informaci\u00f3 i, protegir aix\u00ed, la continu\u00eftat del seu despatx.<\/p>\n<p>La seguretat i el compliment de l&#8217;RGPD estan garantits amb JurisFlow.<\/p>\n<p>Tota la informaci\u00f3 del seu negoci relativa als seus clients, processos i al seu despatx en general, queda emmagatzemada en el n\u00favol de forma segura en el nostre Data Center, complint escrupolosament totes les obligacions respecte a la privacitat de la informaci\u00f3.<\/p>\n<p>L&#8217;administrador del despatx pot donar acc\u00e9s als processos i a la documentaci\u00f3 en funci\u00f3 de l&#8217;organitzaci\u00f3 del seu despatx, controlant els drets de redacci\u00f3 i lectura i qui accedeix als documents.<\/p><\/div>\n\t\t\t\t\t\t\t\t\t<div class=\"elementor-tab-title elementor-tab-mobile-title\" aria-selected=\"false\" data-tab=\"8\" role=\"tab\" tabindex=\"-1\" aria-controls=\"elementor-tab-content-6708\" aria-expanded=\"false\">Integraci\u00f3\u200b<\/div>\n\t\t\t\t\t<div id=\"elementor-tab-content-6708\" class=\"elementor-tab-content elementor-clearfix\" data-tab=\"8\" role=\"tabpanel\" aria-labelledby=\"elementor-tab-title-6708\" tabindex=\"0\" hidden=\"hidden\"><h2>Integraci\u00f3<\/h2>\n<p>Posem a la seva disposici\u00f3 una API perqu\u00e8 altres programaris puguin canviar informaci\u00f3 amb JurisFlow.<\/p>\n<p>Mitjan\u00e7ant el m\u00f2dul Conectflow \u00e9s possible importar o exportar de i per a qualsevol format*<\/p>\n<p>*Pot necessitar de desenvolupaments espec\u00edfics<\/p><\/div>\n\t\t\t\t\t\t\t\t\t<div class=\"elementor-tab-title elementor-tab-mobile-title\" aria-selected=\"false\" data-tab=\"9\" role=\"tab\" tabindex=\"-1\" aria-controls=\"elementor-tab-content-6709\" aria-expanded=\"false\">Mobilitat<\/div>\n\t\t\t\t\t<div id=\"elementor-tab-content-6709\" class=\"elementor-tab-content elementor-clearfix\" data-tab=\"9\" role=\"tabpanel\" aria-labelledby=\"elementor-tab-title-6709\" tabindex=\"0\" hidden=\"hidden\"><h2>Mobilitat<\/h2>\n<p>Treballi des dels seus dispositius Android o iOS, des d&#8217;on vulgui i quan vulgui, augmentant substancialment la seva productivitat.<\/p>\n<p>JurisFlow l&#8217;ajuda a augmentar la seva productivitat, permetent que els advocats del despatx treballin en el n\u00favol des dels seus dispositius m\u00f2bils, tant sigui un port\u00e0til, una Tablet o un m\u00f2bil.<\/p>\n<p>Pot convertir el temps que passi fora del seu despatx, en hores facturables.<\/p>\n<p>All\u00e0 on es trobi, pot treballar aprofitant al m\u00e0xim el seu temps, sabent que tot el que faci quedar\u00e0 actualitzat en el n\u00favol i, que tant els seus advocats com vost\u00e8, gaudiran de la informaci\u00f3 actualitzada.<\/p>\n<p>Podr\u00e0, tamb\u00e9, actualitzar el temps que inverteixi en els seus clients, actualitzant les TIMESHEES per poder facturar les hores corresponents sense a veure d&#8217;estar al seu despatx. <\/p><\/div>\n\t\t\t\t\t\t\t\t\t<div class=\"elementor-tab-title elementor-tab-mobile-title\" aria-selected=\"false\" data-tab=\"10\" role=\"tab\" tabindex=\"-1\" aria-controls=\"elementor-tab-content-67010\" aria-expanded=\"false\">\u00c0rea de Clients<\/div>\n\t\t\t\t\t<div id=\"elementor-tab-content-67010\" class=\"elementor-tab-content elementor-clearfix\" data-tab=\"10\" role=\"tabpanel\" aria-labelledby=\"elementor-tab-title-67010\" tabindex=\"0\" hidden=\"hidden\"><h2>\u00c0rea de clients<\/h2>\n<p>JurisFlow ofereix aquesta nova funcionalitat, com a proposta de valor per als nostres clients, en la qual els clients del seu despatx poden enviar sol\u00b7licituds, verificar l&#8217;estat corresponent dels seus processos, verificar l&#8217;estat del contracte, enviar i veure documents emmagatzemats, i \/ o qualsevol una altra activitat d&#8217;acord amb el despatx. Compartir arxius, rebre les corresponents actualitzacions en temps real, cometaris als documents, fent la relaci\u00f3 amb els seus clients, segura, r\u00e0pida i eficient.<\/p>\n<p>Augmenti la productivitat del seu despatx, reduint el nombre de trucades i correus dels seus clients per con\u00e8ixer l&#8217;estat dels seus expedients, podent-ho fer a trav\u00e9s d&#8217;aquest portal de client.<\/p>\n<p>Aquesta facilitat de relaci\u00f3 amb els clients, el vinculen de forma directa amb el despatx.<\/p><\/div>\n\t\t\t\t\t\t\t\t\t<div class=\"elementor-tab-title elementor-tab-mobile-title\" aria-selected=\"false\" data-tab=\"11\" role=\"tab\" tabindex=\"-1\" aria-controls=\"elementor-tab-content-67011\" aria-expanded=\"false\">Facturaci\u00f3<\/div>\n\t\t\t\t\t<div id=\"elementor-tab-content-67011\" class=\"elementor-tab-content elementor-clearfix\" data-tab=\"11\" role=\"tabpanel\" aria-labelledby=\"elementor-tab-title-67011\" tabindex=\"0\" hidden=\"hidden\"><h2>Facturaci\u00f3<\/h2>\n<p>JurisFlow li permet facturar per hores d&#8217;advocat, hores de grup d&#8217;advocats, hores de bufet o per activitat i serveis. Sigui quina sigui la forma que vagi utilitzant el seu despatx, JurisFlow s&#8217;adapta perfectament.<\/p>\n<p>JurisFlow li permet accedir a tota la informaci\u00f3 necess\u00e0ria per analitzar aquest proc\u00e9s, tant les hores, com les activitats, serveis i la facturaci\u00f3<\/p><\/div>\n\t\t\t\t\t\t\t\t\t<div class=\"elementor-tab-title elementor-tab-mobile-title\" aria-selected=\"false\" data-tab=\"12\" role=\"tab\" tabindex=\"-1\" aria-controls=\"elementor-tab-content-67012\" aria-expanded=\"false\">Signatura electr\u00f2nica\u200b<\/div>\n\t\t\t\t\t<div id=\"elementor-tab-content-67012\" class=\"elementor-tab-content elementor-clearfix\" data-tab=\"12\" role=\"tabpanel\" aria-labelledby=\"elementor-tab-title-67012\" tabindex=\"0\" hidden=\"hidden\"><h2>Signatura electr\u00f2nica<\/h2>\n<p>JurisFlow li permet enviar PDF amb la seva signatura electr\u00f2nica incorporada. Facilitem aix\u00ed, el seu treball, el digitalitzem, augmentant la productivitat del seu despatx.<\/p><\/div>\n\t\t\t\t\t\t\t<\/div>\n\t\t<\/div>\n\t\t\t\t<\/div>\n\t\t\t\t<\/div>\n\t\t\t\t\t<\/div>\n\t\t<\/div>\n\t\t\t\t\t<\/div>\n\t\t<\/section>\n\t\t\t\t<\/div>\n\t\t","protected":false},"excerpt":{"rendered":"<p>Funcionalitats Descobreixi totes les funcions \u00fatils que li permetran una gesti\u00f3 m\u00e9s senzilla. Gesti\u00f3 electr\u00f2nica de documents\u200b Gesti\u00f3 de processos i Gesti\u00f3 de clients Gesti\u00f3 de Contractes\u200b Agenda i Terminis\u200b Activitats (Timesheets) i Registre de Costos\u200b Indicadors i Informes\u200b Seguretat i RGPD\u200b Integraci\u00f3\u200b Mobilitat \u00c0rea de Clients Facturaci\u00f3 Signatura electr\u00f2nica\u200b Gesti\u00f3 electr\u00f2nica de documents\u200b Gesti\u00f3 [&hellip;]<\/p>\n","protected":false},"author":1,"featured_media":0,"parent":0,"menu_order":0,"comment_status":"closed","ping_status":"closed","template":"","meta":{"footnotes":""},"class_list":["post-568","page","type-page","status-publish","hentry"],"_links":{"self":[{"href":"https:\/\/jurisflow.com\/ca\/wp-json\/wp\/v2\/pages\/568","targetHints":{"allow":["GET"]}}],"collection":[{"href":"https:\/\/jurisflow.com\/ca\/wp-json\/wp\/v2\/pages"}],"about":[{"href":"https:\/\/jurisflow.com\/ca\/wp-json\/wp\/v2\/types\/page"}],"author":[{"embeddable":true,"href":"https:\/\/jurisflow.com\/ca\/wp-json\/wp\/v2\/users\/1"}],"replies":[{"embeddable":true,"href":"https:\/\/jurisflow.com\/ca\/wp-json\/wp\/v2\/comments?post=568"}],"version-history":[{"count":5,"href":"https:\/\/jurisflow.com\/ca\/wp-json\/wp\/v2\/pages\/568\/revisions"}],"predecessor-version":[{"id":1134,"href":"https:\/\/jurisflow.com\/ca\/wp-json\/wp\/v2\/pages\/568\/revisions\/1134"}],"wp:attachment":[{"href":"https:\/\/jurisflow.com\/ca\/wp-json\/wp\/v2\/media?parent=568"}],"curies":[{"name":"wp","href":"https:\/\/api.w.org\/{rel}","templated":true}]}}